{"id":200762,"date":"2026-03-02T21:58:47","date_gmt":"2026-03-02T21:58:47","guid":{"rendered":"https:\/\/iber.market\/producto\/bebida-lactea-crecimiento-y-desarrollo-puleva-max-2\/"},"modified":"2026-03-02T21:58:47","modified_gmt":"2026-03-02T21:58:47","slug":"bebida-lactea-crecimiento-y-desarrollo-puleva-max-2","status":"publish","type":"product","link":"https:\/\/iber.market\/nl\/product-2\/bebida-lactea-crecimiento-y-desarrollo-puleva-max-2\/","title":{"rendered":"Bebida l\u00e1ctea crecimiento y desarrollo Puleva Max"},"content":{"rendered":"<p>Bebida l\u00e1ctea crecimiento y desarrollo Puleva Max es parte de la tradici\u00f3n dulce espa\u00f1ola. Ideal para expatriados y amantes de la gastronom\u00eda espa\u00f1ola en Europa.<\/p>","protected":false},"excerpt":{"rendered":"<p>Bebida l\u00e1ctea crecimiento y desarrollo Puleva Max. Dulce espa\u00f1ol ideal para disfrutar del aut\u00e9ntico sabor de Espa\u00f1a en Europa.<\/p>","protected":false},"featured_media":200763,"template":"","meta":[],"product_brand":[],"product_cat":[144],"product_tag":[],"class_list":{"0":"post-200762","1":"product","2":"type-product","3":"status-publish","4":"has-post-thumbnail","6":"product_cat-leche","8":"first","9":"instock","10":"taxable","11":"shipping-taxable","12":"purchasable","13":"product-type-simple"},"jetpack_sharing_enabled":true,"_links":{"self":[{"href":"https:\/\/iber.market\/nl\/wp-json\/wp\/v2\/product\/200762","targetHints":{"allow":["GET"]}}],"collection":[{"href":"https:\/\/iber.market\/nl\/wp-json\/wp\/v2\/product"}],"about":[{"href":"https:\/\/iber.market\/nl\/wp-json\/wp\/v2\/types\/product"}],"wp:featuredmedia":[{"embeddable":true,"href":"https:\/\/iber.market\/nl\/wp-json\/wp\/v2\/media\/200763"}],"wp:attachment":[{"href":"https:\/\/iber.market\/nl\/wp-json\/wp\/v2\/media?parent=200762"}],"wp:term":[{"taxonomy":"product_brand","embeddable":true,"href":"https:\/\/iber.market\/nl\/wp-json\/wp\/v2\/product_brand?post=200762"},{"taxonomy":"product_cat","embeddable":true,"href":"https:\/\/iber.market\/nl\/wp-json\/wp\/v2\/product_cat?post=200762"},{"taxonomy":"product_tag","embeddable":true,"href":"https:\/\/iber.market\/nl\/wp-json\/wp\/v2\/product_tag?post=200762"}],"curies":[{"name":"wp","href":"https:\/\/api.w.org\/{rel}","templated":true}]}}