{"id":200711,"date":"2026-03-02T12:31:50","date_gmt":"2026-03-02T12:31:50","guid":{"rendered":"https:\/\/iber.market\/producto\/filetes-de-anchoa-en-aceite-de-oliva-hacendado-3\/"},"modified":"2026-03-02T12:31:50","modified_gmt":"2026-03-02T12:31:50","slug":"filetes-de-anchoa-en-aceite-de-oliva-hacendado-3","status":"publish","type":"product","link":"https:\/\/iber.market\/nl\/product-2\/filetes-de-anchoa-en-aceite-de-oliva-hacendado-3\/","title":{"rendered":"Filetes de anchoa en aceite de oliva Hacendado"},"content":{"rendered":"<p>Filetes de anchoa en aceite de oliva Hacendado representa la tradici\u00f3n de las anchoas espa\u00f1olas, apreciadas por su sabor intenso y textura delicada. Perfectas para tostadas, ensaladas o recetas cl\u00e1sicas.<\/p>\n<p>Ideal para espa\u00f1oles en el extranjero y europeos amantes de la gastronom\u00eda espa\u00f1ola.<\/p>","protected":false},"excerpt":{"rendered":"<p>Filetes de anchoa en aceite de oliva Hacendado. Anchoas espa\u00f1olas en salaz\u00f3n ideales para tapas y cocina mediterr\u00e1nea.<\/p>","protected":false},"featured_media":200712,"template":"","meta":[],"product_brand":[],"product_cat":[167],"product_tag":[],"class_list":{"0":"post-200711","1":"product","2":"type-product","3":"status-publish","4":"has-post-thumbnail","6":"product_cat-pescado-en-salazon","8":"first","9":"instock","10":"taxable","11":"shipping-taxable","12":"purchasable","13":"product-type-simple"},"jetpack_sharing_enabled":true,"_links":{"self":[{"href":"https:\/\/iber.market\/nl\/wp-json\/wp\/v2\/product\/200711","targetHints":{"allow":["GET"]}}],"collection":[{"href":"https:\/\/iber.market\/nl\/wp-json\/wp\/v2\/product"}],"about":[{"href":"https:\/\/iber.market\/nl\/wp-json\/wp\/v2\/types\/product"}],"wp:featuredmedia":[{"embeddable":true,"href":"https:\/\/iber.market\/nl\/wp-json\/wp\/v2\/media\/200712"}],"wp:attachment":[{"href":"https:\/\/iber.market\/nl\/wp-json\/wp\/v2\/media?parent=200711"}],"wp:term":[{"taxonomy":"product_brand","embeddable":true,"href":"https:\/\/iber.market\/nl\/wp-json\/wp\/v2\/product_brand?post=200711"},{"taxonomy":"product_cat","embeddable":true,"href":"https:\/\/iber.market\/nl\/wp-json\/wp\/v2\/product_cat?post=200711"},{"taxonomy":"product_tag","embeddable":true,"href":"https:\/\/iber.market\/nl\/wp-json\/wp\/v2\/product_tag?post=200711"}],"curies":[{"name":"wp","href":"https:\/\/api.w.org\/{rel}","templated":true}]}}