{"id":200677,"date":"2026-03-02T12:25:10","date_gmt":"2026-03-02T12:25:10","guid":{"rendered":"https:\/\/iber.market\/producto\/comprimidos-vitaminas-y-minerales-deliplus\/"},"modified":"2026-03-02T12:25:11","modified_gmt":"2026-03-02T12:25:11","slug":"comprimidos-vitaminas-y-minerales-deliplus","status":"publish","type":"product","link":"https:\/\/iber.market\/nl\/product-2\/comprimidos-vitaminas-y-minerales-deliplus\/","title":{"rendered":"Comprimidos Vitaminas y Minerales Deliplus"},"content":{"rendered":"<p>Comprimidos Vitaminas y Minerales Deliplus pertenece a la categor\u00eda de vitaminas y complementos alimenticios de parafarmacia espa\u00f1ola. Perfecto para espa\u00f1oles en Europa que desean mantener h\u00e1bitos saludables con productos familiares.<\/p>\n<p>F\u00e1cil de incorporar a la rutina diaria, siguiendo est\u00e1ndares de calidad europeos.<\/p>","protected":false},"excerpt":{"rendered":"<p>Comprimidos Vitaminas y Minerales Deliplus. Complejo vitam\u00ednico espa\u00f1ol ideal para apoyar tu rutina diaria.<\/p>","protected":false},"featured_media":200678,"template":"","meta":[],"product_brand":[],"product_cat":[146],"product_tag":[],"class_list":{"0":"post-200677","1":"product","2":"type-product","3":"status-publish","4":"has-post-thumbnail","6":"product_cat-fitoterapia-y-parafarmacia","8":"first","9":"instock","10":"taxable","11":"shipping-taxable","12":"purchasable","13":"product-type-simple"},"jetpack_sharing_enabled":true,"_links":{"self":[{"href":"https:\/\/iber.market\/nl\/wp-json\/wp\/v2\/product\/200677","targetHints":{"allow":["GET"]}}],"collection":[{"href":"https:\/\/iber.market\/nl\/wp-json\/wp\/v2\/product"}],"about":[{"href":"https:\/\/iber.market\/nl\/wp-json\/wp\/v2\/types\/product"}],"wp:featuredmedia":[{"embeddable":true,"href":"https:\/\/iber.market\/nl\/wp-json\/wp\/v2\/media\/200678"}],"wp:attachment":[{"href":"https:\/\/iber.market\/nl\/wp-json\/wp\/v2\/media?parent=200677"}],"wp:term":[{"taxonomy":"product_brand","embeddable":true,"href":"https:\/\/iber.market\/nl\/wp-json\/wp\/v2\/product_brand?post=200677"},{"taxonomy":"product_cat","embeddable":true,"href":"https:\/\/iber.market\/nl\/wp-json\/wp\/v2\/product_cat?post=200677"},{"taxonomy":"product_tag","embeddable":true,"href":"https:\/\/iber.market\/nl\/wp-json\/wp\/v2\/product_tag?post=200677"}],"curies":[{"name":"wp","href":"https:\/\/api.w.org\/{rel}","templated":true}]}}