{"id":200607,"date":"2026-03-02T12:24:55","date_gmt":"2026-03-02T12:24:55","guid":{"rendered":"https:\/\/iber.market\/producto\/tiras-adhesivas-protectoras-classic-color-beige-deliplus-surtidas-elasticas-y-transpirables\/"},"modified":"2026-03-02T12:24:55","modified_gmt":"2026-03-02T12:24:55","slug":"tiras-adhesivas-protectoras-classic-color-beige-deliplus-surtidas-elasticas-y-transpirables","status":"publish","type":"product","link":"https:\/\/iber.market\/nl\/product-2\/tiras-adhesivas-protectoras-classic-color-beige-deliplus-surtidas-elasticas-y-transpirables\/","title":{"rendered":"Deliplus Classic beige kleefstrips, gesorteerd, elastisch en ademend"},"content":{"rendered":"<p>Tiras adhesivas protectoras Classic color beige Deliplus surtidas, el\u00e1sticas y transpirables pertenece a la gama de parafarmacia espa\u00f1ola orientada al cuidado personal y bienestar. Ideal para espa\u00f1oles en el extranjero y europeos interesados en productos naturales con est\u00e1ndares europeos.<\/p>","protected":false},"excerpt":{"rendered":"<p>Tiras adhesivas protectoras Classic color beige Deliplus surtidas, el\u00e1sticas y transpirables. Producto de fitoterapia y parafarmacia espa\u00f1ola ideal para tu bienestar diario en Europa.<\/p>","protected":false},"featured_media":200608,"template":"","meta":[],"product_brand":[],"product_cat":[146],"product_tag":[],"class_list":{"0":"post-200607","1":"product","2":"type-product","3":"status-publish","4":"has-post-thumbnail","6":"product_cat-fitoterapia-y-parafarmacia","8":"first","9":"instock","10":"taxable","11":"shipping-taxable","12":"purchasable","13":"product-type-simple"},"jetpack_sharing_enabled":true,"_links":{"self":[{"href":"https:\/\/iber.market\/nl\/wp-json\/wp\/v2\/product\/200607","targetHints":{"allow":["GET"]}}],"collection":[{"href":"https:\/\/iber.market\/nl\/wp-json\/wp\/v2\/product"}],"about":[{"href":"https:\/\/iber.market\/nl\/wp-json\/wp\/v2\/types\/product"}],"wp:featuredmedia":[{"embeddable":true,"href":"https:\/\/iber.market\/nl\/wp-json\/wp\/v2\/media\/200608"}],"wp:attachment":[{"href":"https:\/\/iber.market\/nl\/wp-json\/wp\/v2\/media?parent=200607"}],"wp:term":[{"taxonomy":"product_brand","embeddable":true,"href":"https:\/\/iber.market\/nl\/wp-json\/wp\/v2\/product_brand?post=200607"},{"taxonomy":"product_cat","embeddable":true,"href":"https:\/\/iber.market\/nl\/wp-json\/wp\/v2\/product_cat?post=200607"},{"taxonomy":"product_tag","embeddable":true,"href":"https:\/\/iber.market\/nl\/wp-json\/wp\/v2\/product_tag?post=200607"}],"curies":[{"name":"wp","href":"https:\/\/api.w.org\/{rel}","templated":true}]}}