{"id":200556,"date":"2026-03-02T12:24:46","date_gmt":"2026-03-02T12:24:46","guid":{"rendered":"https:\/\/iber.market\/producto\/lagrimas-hidratantes-para-los-ojos-deliplus-con-hialuronato-sodico-01\/"},"modified":"2026-03-02T12:24:47","modified_gmt":"2026-03-02T12:24:47","slug":"lagrimas-hidratantes-para-los-ojos-deliplus-con-hialuronato-sodico-01","status":"publish","type":"product","link":"https:\/\/iber.market\/nl\/product-2\/lagrimas-hidratantes-para-los-ojos-deliplus-con-hialuronato-sodico-01\/","title":{"rendered":"Deliplus hydraterende oogtranen met natriumhyaluronaat 0,1%"},"content":{"rendered":"<p>L\u00e1grimas hidratantes para los ojos Deliplus con hialuronato s\u00f3dico 0,1% pertenece a la gama de parafarmacia espa\u00f1ola orientada al cuidado personal y bienestar. Ideal para espa\u00f1oles en el extranjero y europeos interesados en productos naturales con est\u00e1ndares europeos.<\/p>","protected":false},"excerpt":{"rendered":"<p>L\u00e1grimas hidratantes para los ojos Deliplus con hialuronato s\u00f3dico 0,1%. Producto de fitoterapia y parafarmacia espa\u00f1ola ideal para tu bienestar diario en Europa.<\/p>","protected":false},"featured_media":200557,"template":"","meta":[],"product_brand":[],"product_cat":[146],"product_tag":[],"class_list":{"0":"post-200556","1":"product","2":"type-product","3":"status-publish","4":"has-post-thumbnail","6":"product_cat-fitoterapia-y-parafarmacia","8":"first","9":"instock","10":"taxable","11":"shipping-taxable","12":"purchasable","13":"product-type-simple"},"jetpack_sharing_enabled":true,"_links":{"self":[{"href":"https:\/\/iber.market\/nl\/wp-json\/wp\/v2\/product\/200556","targetHints":{"allow":["GET"]}}],"collection":[{"href":"https:\/\/iber.market\/nl\/wp-json\/wp\/v2\/product"}],"about":[{"href":"https:\/\/iber.market\/nl\/wp-json\/wp\/v2\/types\/product"}],"wp:featuredmedia":[{"embeddable":true,"href":"https:\/\/iber.market\/nl\/wp-json\/wp\/v2\/media\/200557"}],"wp:attachment":[{"href":"https:\/\/iber.market\/nl\/wp-json\/wp\/v2\/media?parent=200556"}],"wp:term":[{"taxonomy":"product_brand","embeddable":true,"href":"https:\/\/iber.market\/nl\/wp-json\/wp\/v2\/product_brand?post=200556"},{"taxonomy":"product_cat","embeddable":true,"href":"https:\/\/iber.market\/nl\/wp-json\/wp\/v2\/product_cat?post=200556"},{"taxonomy":"product_tag","embeddable":true,"href":"https:\/\/iber.market\/nl\/wp-json\/wp\/v2\/product_tag?post=200556"}],"curies":[{"name":"wp","href":"https:\/\/api.w.org\/{rel}","templated":true}]}}