{"id":200218,"date":"2026-03-02T06:17:43","date_gmt":"2026-03-02T06:17:43","guid":{"rendered":"https:\/\/iber.market\/producto\/datiles-desecados-sin-hueso-hacendado\/"},"modified":"2026-03-02T06:17:44","modified_gmt":"2026-03-02T06:17:44","slug":"datiles-desecados-sin-hueso-hacendado","status":"publish","type":"product","link":"https:\/\/iber.market\/nl\/product-2\/datiles-desecados-sin-hueso-hacendado\/","title":{"rendered":"D\u00e1tiles desecados sin hueso Hacendado"},"content":{"rendered":"<p>D\u00e1tiles desecados sin hueso Hacendado es un producto emblem\u00e1tico del aperitivo espa\u00f1ol. Perfecto para espa\u00f1oles que viven fuera de Espa\u00f1a y desean mantener el sabor de casa, as\u00ed como para europeos que buscan descubrir la aut\u00e9ntica gastronom\u00eda mediterr\u00e1nea.<\/p>\n<p>Dit product behoort tot de categorie Aperitieven en is ideaal om te delen, bij wijnen of bieren, of als onderdeel van een aperitiefplankje in Spaanse stijl. De kwaliteit en smaak vertegenwoordigen het ware culinaire karakter van Spanje.<\/p>\n<p>Si quieres comprar aceitunas, encurtidos, frutos secos y snacks espa\u00f1oles online en Europa, D\u00e1tiles desecados sin hueso Hacendado es una excelente elecci\u00f3n para disfrutar de un aut\u00e9ntico &#8216;taste of Spain&#8217;.<\/p>","protected":false},"excerpt":{"rendered":"<p>D\u00e1tiles desecados sin hueso Hacendado. Aperitivo espa\u00f1ol ideal para expatriados y amantes del aut\u00e9ntico sabor mediterr\u00e1neo en Europa.<\/p>","protected":false},"featured_media":200219,"template":"","meta":[],"product_brand":[],"product_cat":[66],"product_tag":[],"class_list":{"0":"post-200218","1":"product","2":"type-product","3":"status-publish","4":"has-post-thumbnail","6":"product_cat-frutos-secos-y-snacks","8":"first","9":"instock","10":"taxable","11":"shipping-taxable","12":"purchasable","13":"product-type-simple"},"jetpack_sharing_enabled":true,"_links":{"self":[{"href":"https:\/\/iber.market\/nl\/wp-json\/wp\/v2\/product\/200218","targetHints":{"allow":["GET"]}}],"collection":[{"href":"https:\/\/iber.market\/nl\/wp-json\/wp\/v2\/product"}],"about":[{"href":"https:\/\/iber.market\/nl\/wp-json\/wp\/v2\/types\/product"}],"wp:featuredmedia":[{"embeddable":true,"href":"https:\/\/iber.market\/nl\/wp-json\/wp\/v2\/media\/200219"}],"wp:attachment":[{"href":"https:\/\/iber.market\/nl\/wp-json\/wp\/v2\/media?parent=200218"}],"wp:term":[{"taxonomy":"product_brand","embeddable":true,"href":"https:\/\/iber.market\/nl\/wp-json\/wp\/v2\/product_brand?post=200218"},{"taxonomy":"product_cat","embeddable":true,"href":"https:\/\/iber.market\/nl\/wp-json\/wp\/v2\/product_cat?post=200218"},{"taxonomy":"product_tag","embeddable":true,"href":"https:\/\/iber.market\/nl\/wp-json\/wp\/v2\/product_tag?post=200218"}],"curies":[{"name":"wp","href":"https:\/\/api.w.org\/{rel}","templated":true}]}}