{"id":198663,"date":"2026-02-24T03:56:38","date_gmt":"2026-02-24T03:56:38","guid":{"rendered":"https:\/\/iber.market\/producto\/champu-y-acondicionador-anticaspa-classic-2-en-1-ultrex-todo-tipo-de-cabello\/"},"modified":"2026-02-24T03:56:38","modified_gmt":"2026-02-24T03:56:38","slug":"champu-y-acondicionador-anticaspa-classic-2-en-1-ultrex-todo-tipo-de-cabello","status":"publish","type":"product","link":"https:\/\/iber.market\/nl\/product-2\/champu-y-acondicionador-anticaspa-classic-2-en-1-ultrex-todo-tipo-de-cabello\/","title":{"rendered":"Ultrex Classic 2-in-1 anti-roos shampoo &amp; conditioner voor alle haartypes"},"content":{"rendered":"<p>Champ\u00fa y acondicionador anticaspa Classic 2 en 1 Ultrex todo tipo de cabello es una excelente opci\u00f3n para quienes viven fuera de Espa\u00f1a y quieren seguir utilizando productos de higiene y cuidado personal similares a los que se encuentran habitualmente en el mercado espa\u00f1ol. Pensado para expatriados espa\u00f1oles en Europa y consumidores que valoran la calidad y tradici\u00f3n de los productos espa\u00f1oles, ofreciendo comodidad y confianza en el cuidado diario.<\/p>","protected":false},"excerpt":{"rendered":"<p>Champ\u00fa y acondicionador anticaspa Classic 2 en 1 Ultrex todo tipo de cabello con calidad inspirada en el cuidado personal habitual en Espa\u00f1a. Ideal para expatriados en Europa y amantes de los productos espa\u00f1oles.<\/p>","protected":false},"featured_media":198664,"template":"","meta":[],"product_brand":[],"product_cat":[371],"product_tag":[],"class_list":{"0":"post-198663","1":"product","2":"type-product","3":"status-publish","4":"has-post-thumbnail","6":"product_cat-champus-y-coloraciones","8":"first","9":"instock","10":"taxable","11":"shipping-taxable","12":"purchasable","13":"product-type-simple"},"_links":{"self":[{"href":"https:\/\/iber.market\/nl\/wp-json\/wp\/v2\/product\/198663","targetHints":{"allow":["GET"]}}],"collection":[{"href":"https:\/\/iber.market\/nl\/wp-json\/wp\/v2\/product"}],"about":[{"href":"https:\/\/iber.market\/nl\/wp-json\/wp\/v2\/types\/product"}],"wp:featuredmedia":[{"embeddable":true,"href":"https:\/\/iber.market\/nl\/wp-json\/wp\/v2\/media\/198664"}],"wp:attachment":[{"href":"https:\/\/iber.market\/nl\/wp-json\/wp\/v2\/media?parent=198663"}],"wp:term":[{"taxonomy":"product_brand","embeddable":true,"href":"https:\/\/iber.market\/nl\/wp-json\/wp\/v2\/product_brand?post=198663"},{"taxonomy":"product_cat","embeddable":true,"href":"https:\/\/iber.market\/nl\/wp-json\/wp\/v2\/product_cat?post=198663"},{"taxonomy":"product_tag","embeddable":true,"href":"https:\/\/iber.market\/nl\/wp-json\/wp\/v2\/product_tag?post=198663"}],"curies":[{"name":"wp","href":"https:\/\/api.w.org\/{rel}","templated":true}]}}