{"id":197826,"date":"2026-02-24T03:53:08","date_gmt":"2026-02-24T03:53:08","guid":{"rendered":"https:\/\/iber.market\/producto\/crema-depilatoria-hombre-deliplus-piel-normal\/"},"modified":"2026-02-24T03:53:09","modified_gmt":"2026-02-24T03:53:09","slug":"ontharingscreme-voor-mannen-deliplus-normale-huid","status":"publish","type":"product","link":"https:\/\/iber.market\/nl\/product-2\/ontharingscreme-voor-mannen-deliplus-normale-huid\/","title":{"rendered":"Deliplus ontharingscr\u00e8me voor mannen normale huid"},"content":{"rendered":"<p>Deliplus ontharingscr\u00e8me voor de normale huid is een uitstekende optie voor mensen die buiten Spanje wonen en hygi\u00ebne- en verzorgingsproducten willen blijven gebruiken die vergelijkbaar zijn met de producten die normaal gesproken op de Spaanse markt te vinden zijn. Ontworpen voor Spaanse expats in Europa en consumenten die waarde hechten aan de kwaliteit en traditie van Spaanse producten en die gemak en vertrouwen bieden bij de dagelijkse verzorging.<\/p>","protected":false},"excerpt":{"rendered":"<p>Deliplus ontharingscr\u00e8me voor mannen voor de normale huid met kwaliteit ge\u00efnspireerd op de gebruikelijke persoonlijke verzorging in Spanje. Ideaal voor expats in Europa en liefhebbers van Spaanse producten.<\/p>","protected":false},"featured_media":197827,"template":"","meta":[],"product_brand":[],"product_cat":[365],"product_tag":[],"class_list":{"0":"post-197826","1":"product","2":"type-product","3":"status-publish","4":"has-post-thumbnail","6":"product_cat-cuidado-corporal-y-facial","8":"first","9":"instock","10":"taxable","11":"shipping-taxable","12":"purchasable","13":"product-type-simple"},"jetpack_sharing_enabled":true,"_links":{"self":[{"href":"https:\/\/iber.market\/nl\/wp-json\/wp\/v2\/product\/197826","targetHints":{"allow":["GET"]}}],"collection":[{"href":"https:\/\/iber.market\/nl\/wp-json\/wp\/v2\/product"}],"about":[{"href":"https:\/\/iber.market\/nl\/wp-json\/wp\/v2\/types\/product"}],"wp:featuredmedia":[{"embeddable":true,"href":"https:\/\/iber.market\/nl\/wp-json\/wp\/v2\/media\/197827"}],"wp:attachment":[{"href":"https:\/\/iber.market\/nl\/wp-json\/wp\/v2\/media?parent=197826"}],"wp:term":[{"taxonomy":"product_brand","embeddable":true,"href":"https:\/\/iber.market\/nl\/wp-json\/wp\/v2\/product_brand?post=197826"},{"taxonomy":"product_cat","embeddable":true,"href":"https:\/\/iber.market\/nl\/wp-json\/wp\/v2\/product_cat?post=197826"},{"taxonomy":"product_tag","embeddable":true,"href":"https:\/\/iber.market\/nl\/wp-json\/wp\/v2\/product_tag?post=197826"}],"curies":[{"name":"wp","href":"https:\/\/api.w.org\/{rel}","templated":true}]}}