{"id":194389,"date":"2026-02-21T15:28:05","date_gmt":"2026-02-21T15:28:05","guid":{"rendered":"https:\/\/iber.market\/producto\/escamas-de-sal-marina-natural-polasal\/"},"modified":"2026-02-21T16:42:46","modified_gmt":"2026-02-21T16:42:46","slug":"escamas-de-sal-marina-natural-polasal","status":"publish","type":"product","link":"https:\/\/iber.market\/nl\/product-2\/escamas-de-sal-marina-natural-polasal\/","title":{"rendered":"Escamas de sal marina natural Polasal"},"content":{"rendered":"<p>Escamas de sal marina natural Polasal cuidadosamente seleccionado para ofrecer calidad constante y sabor aut\u00e9ntico. Perfecto para cocinar, condimentar o complementar recetas tradicionales y modernas. Formato pr\u00e1ctico, f\u00e1cil de conservar y pensado para consumidores europeos que buscan productos habituales de despensa espa\u00f1ola con buena relaci\u00f3n calidad\u2011precio.<\/p>","protected":false},"excerpt":{"rendered":"<p>Escamas de sal marina natural Polasal. Producto de alimentaci\u00f3n seleccionado por su calidad y sabor, ideal para uso diario en cocina europea.<\/p>","protected":false},"featured_media":194390,"template":"","meta":[],"product_brand":[],"product_cat":[212],"product_tag":[],"class_list":{"0":"post-194389","1":"product","2":"type-product","3":"status-publish","4":"has-post-thumbnail","6":"product_cat-sales-y-bicarbonatos","8":"first","9":"instock","10":"taxable","11":"shipping-taxable","12":"purchasable","13":"product-type-simple"},"jetpack_sharing_enabled":true,"_links":{"self":[{"href":"https:\/\/iber.market\/nl\/wp-json\/wp\/v2\/product\/194389","targetHints":{"allow":["GET"]}}],"collection":[{"href":"https:\/\/iber.market\/nl\/wp-json\/wp\/v2\/product"}],"about":[{"href":"https:\/\/iber.market\/nl\/wp-json\/wp\/v2\/types\/product"}],"wp:featuredmedia":[{"embeddable":true,"href":"https:\/\/iber.market\/nl\/wp-json\/wp\/v2\/media\/194390"}],"wp:attachment":[{"href":"https:\/\/iber.market\/nl\/wp-json\/wp\/v2\/media?parent=194389"}],"wp:term":[{"taxonomy":"product_brand","embeddable":true,"href":"https:\/\/iber.market\/nl\/wp-json\/wp\/v2\/product_brand?post=194389"},{"taxonomy":"product_cat","embeddable":true,"href":"https:\/\/iber.market\/nl\/wp-json\/wp\/v2\/product_cat?post=194389"},{"taxonomy":"product_tag","embeddable":true,"href":"https:\/\/iber.market\/nl\/wp-json\/wp\/v2\/product_tag?post=194389"}],"curies":[{"name":"wp","href":"https:\/\/api.w.org\/{rel}","templated":true}]}}