{"id":192694,"date":"2026-02-19T20:30:32","date_gmt":"2026-02-19T20:30:32","guid":{"rendered":"https:\/\/iber.market\/producto\/cepillo-limpiabiberon-y-tetina-deliplus\/"},"modified":"2026-02-19T20:30:32","modified_gmt":"2026-02-19T20:30:32","slug":"cepillo-limpiabiberon-y-tetina-deliplus","status":"publish","type":"product","link":"https:\/\/iber.market\/nl\/product-2\/cepillo-limpiabiberon-y-tetina-deliplus\/","title":{"rendered":"Deliplus Fles- en speenborstel"},"content":{"rendered":"<p>Cepillo limpiabiber\u00f3n y tetina es un producto infantil habitual en supermercados espa\u00f1oles. Ahora puedes comprar este producto espa\u00f1ol para beb\u00e9 online con env\u00edo a distintos pa\u00edses de Europa. Pensado para expatriados espa\u00f1oles y familias europeas que valoran la calidad y confianza de los productos espa\u00f1oles. Compra productos de beb\u00e9 espa\u00f1oles online y rec\u00edbelos c\u00f3modamente en tu pa\u00eds.<\/p>","protected":false},"excerpt":{"rendered":"<p>Cepillo limpiabiber\u00f3n y tetina. Producto espa\u00f1ol para beb\u00e9 disponible online con env\u00edo a Europa. Ideal para expatriados y familias europeas que buscan productos habituales de supermercados espa\u00f1oles.<\/p>","protected":false},"featured_media":192695,"template":"","meta":[],"product_brand":[],"product_cat":[337],"product_tag":[],"class_list":{"0":"post-192694","1":"product","2":"type-product","3":"status-publish","4":"has-post-thumbnail","6":"product_cat-biberon-y-chupete","8":"first","9":"instock","10":"taxable","11":"shipping-taxable","12":"purchasable","13":"product-type-simple"},"jetpack_sharing_enabled":true,"_links":{"self":[{"href":"https:\/\/iber.market\/nl\/wp-json\/wp\/v2\/product\/192694","targetHints":{"allow":["GET"]}}],"collection":[{"href":"https:\/\/iber.market\/nl\/wp-json\/wp\/v2\/product"}],"about":[{"href":"https:\/\/iber.market\/nl\/wp-json\/wp\/v2\/types\/product"}],"wp:featuredmedia":[{"embeddable":true,"href":"https:\/\/iber.market\/nl\/wp-json\/wp\/v2\/media\/192695"}],"wp:attachment":[{"href":"https:\/\/iber.market\/nl\/wp-json\/wp\/v2\/media?parent=192694"}],"wp:term":[{"taxonomy":"product_brand","embeddable":true,"href":"https:\/\/iber.market\/nl\/wp-json\/wp\/v2\/product_brand?post=192694"},{"taxonomy":"product_cat","embeddable":true,"href":"https:\/\/iber.market\/nl\/wp-json\/wp\/v2\/product_cat?post=192694"},{"taxonomy":"product_tag","embeddable":true,"href":"https:\/\/iber.market\/nl\/wp-json\/wp\/v2\/product_tag?post=192694"}],"curies":[{"name":"wp","href":"https:\/\/api.w.org\/{rel}","templated":true}]}}