{"id":188029,"date":"2026-01-10T16:18:30","date_gmt":"2026-01-10T16:18:30","guid":{"rendered":"https:\/\/iber.market\/producto\/kids-bebida-vegetal-ecologica-de-arroz-con-cacao-y-calcio-250-ml\/"},"modified":"2026-01-10T16:18:30","modified_gmt":"2026-01-10T16:18:30","slug":"kids-bebida-vegetal-ecologica-de-arroz-con-cacao-y-calcio-250-ml","status":"publish","type":"product","link":"https:\/\/iber.market\/nl\/product-2\/kids-bebida-vegetal-ecologica-de-arroz-con-cacao-y-calcio-250-ml\/","title":{"rendered":"Kids Bebida vegetal ecol\u00f3gica de arroz, con cacao y calcio 250 ml."},"content":{"rendered":"<p><strong>ECOCESTA Kids Bebida vegetal ecol\u00f3gica de arroz, con cacao y calcio 250 ml.<\/strong> van het merk <strong>ECOCEST<\/strong> is een product dat behoort tot de categorie <em>Biologische supermarkt &gt; Biologische dranken<\/em>, geselecteerd binnen de Spaanse biologische supermarkt.<\/p>\n<p>Dit product is ontworpen voor mensen die een veganistisch, biologisch of plantaardig dieet volgen, waarbij kwaliteitsingredi\u00ebnten, verantwoorde processen en duurzamere consumptie voorop staan.<\/p>\n<p>Ideaal voor Europese klanten die op zoek zijn naar biologische en veganistische producten uit Spanje met internationale bezorging, met behoud van de essentie van de Spaanse supermarkt.<\/p>","protected":false},"excerpt":{"rendered":"<p>ECOCESTA Kids Bebida vegetal ecol\u00f3gica de arroz, con cacao y calcio 250 ml. ECOCESTA. Producto ecol\u00f3gico y vegano seleccionado en supermercado espa\u00f1ol, ideal para una alimentaci\u00f3n consciente y saludable.<\/p>","protected":false},"featured_media":188030,"template":"","meta":[],"product_brand":[],"product_cat":[353],"product_tag":[],"class_list":{"0":"post-188029","1":"product","2":"type-product","3":"status-publish","4":"has-post-thumbnail","6":"product_cat-bebidas-ecologicas","8":"first","9":"instock","10":"taxable","11":"shipping-taxable","12":"purchasable","13":"product-type-simple"},"jetpack_sharing_enabled":true,"_links":{"self":[{"href":"https:\/\/iber.market\/nl\/wp-json\/wp\/v2\/product\/188029","targetHints":{"allow":["GET"]}}],"collection":[{"href":"https:\/\/iber.market\/nl\/wp-json\/wp\/v2\/product"}],"about":[{"href":"https:\/\/iber.market\/nl\/wp-json\/wp\/v2\/types\/product"}],"wp:featuredmedia":[{"embeddable":true,"href":"https:\/\/iber.market\/nl\/wp-json\/wp\/v2\/media\/188030"}],"wp:attachment":[{"href":"https:\/\/iber.market\/nl\/wp-json\/wp\/v2\/media?parent=188029"}],"wp:term":[{"taxonomy":"product_brand","embeddable":true,"href":"https:\/\/iber.market\/nl\/wp-json\/wp\/v2\/product_brand?post=188029"},{"taxonomy":"product_cat","embeddable":true,"href":"https:\/\/iber.market\/nl\/wp-json\/wp\/v2\/product_cat?post=188029"},{"taxonomy":"product_tag","embeddable":true,"href":"https:\/\/iber.market\/nl\/wp-json\/wp\/v2\/product_tag?post=188029"}],"curies":[{"name":"wp","href":"https:\/\/api.w.org\/{rel}","templated":true}]}}