{"id":187990,"date":"2026-01-10T16:18:18","date_gmt":"2026-01-10T16:18:18","guid":{"rendered":"https:\/\/iber.market\/producto\/bio-tofu-natural-sin-gluten-apto-para-veganos-1-kg\/"},"modified":"2026-01-18T15:18:14","modified_gmt":"2026-01-18T15:18:14","slug":"bio-tofu-natural-sin-gluten-apto-para-veganos-1-kg","status":"publish","type":"product","link":"https:\/\/iber.market\/nl\/product-2\/bio-tofu-natural-sin-gluten-apto-para-veganos-1-kg\/","title":{"rendered":"Bio Tofu natural sin gluten, apto para veganos 1 kg."},"content":{"rendered":"<p><strong>SORIA NATURAL Bio Tofu natural sin gluten, apto para veganos 1 kg.<\/strong> van het merk <strong>SORIA NATUURLIJK<\/strong> is een product dat behoort tot de categorie <em>Supermercado Ecol\u00f3gico > Tu despensa Ecol\u00f3gica<\/em>, geselecteerd binnen de Spaanse biologische supermarkt.<\/p>\n<p>Dit product is ontworpen voor mensen die een veganistisch, biologisch of plantaardig dieet volgen, waarbij kwaliteitsingredi\u00ebnten, verantwoorde processen en duurzamere consumptie voorop staan.<\/p>\n<p>Ideaal voor Europese klanten die op zoek zijn naar biologische en veganistische producten uit Spanje met internationale bezorging, met behoud van de essentie van de Spaanse supermarkt.<\/p>","protected":false},"excerpt":{"rendered":"<p>SORIA NATURAL Bio Tofu natural sin gluten, apto para veganos 1 kg. SORIA NATURAL. Producto ecol\u00f3gico y vegano seleccionado en supermercado espa\u00f1ol, ideal para una alimentaci\u00f3n consciente y saludable.<\/p>","protected":false},"featured_media":187991,"template":"","meta":[],"product_brand":[],"product_cat":[356],"product_tag":[],"class_list":{"0":"post-187990","1":"product","2":"type-product","3":"status-publish","4":"has-post-thumbnail","6":"product_cat-alimentacion-vegana","8":"first","9":"instock","10":"taxable","11":"shipping-taxable","12":"purchasable","13":"product-type-simple"},"jetpack_sharing_enabled":true,"_links":{"self":[{"href":"https:\/\/iber.market\/nl\/wp-json\/wp\/v2\/product\/187990","targetHints":{"allow":["GET"]}}],"collection":[{"href":"https:\/\/iber.market\/nl\/wp-json\/wp\/v2\/product"}],"about":[{"href":"https:\/\/iber.market\/nl\/wp-json\/wp\/v2\/types\/product"}],"wp:featuredmedia":[{"embeddable":true,"href":"https:\/\/iber.market\/nl\/wp-json\/wp\/v2\/media\/187991"}],"wp:attachment":[{"href":"https:\/\/iber.market\/nl\/wp-json\/wp\/v2\/media?parent=187990"}],"wp:term":[{"taxonomy":"product_brand","embeddable":true,"href":"https:\/\/iber.market\/nl\/wp-json\/wp\/v2\/product_brand?post=187990"},{"taxonomy":"product_cat","embeddable":true,"href":"https:\/\/iber.market\/nl\/wp-json\/wp\/v2\/product_cat?post=187990"},{"taxonomy":"product_tag","embeddable":true,"href":"https:\/\/iber.market\/nl\/wp-json\/wp\/v2\/product_tag?post=187990"}],"curies":[{"name":"wp","href":"https:\/\/api.w.org\/{rel}","templated":true}]}}