{"id":187872,"date":"2026-01-10T16:17:51","date_gmt":"2026-01-10T16:17:51","guid":{"rendered":"https:\/\/iber.market\/producto\/infusion-de-te-de-relax-bio-17-uds-306-g\/"},"modified":"2026-01-10T16:17:52","modified_gmt":"2026-01-10T16:17:52","slug":"infusion-de-te-de-relax-bio-17-uds-306-g","status":"publish","type":"product","link":"https:\/\/iber.market\/nl\/product-2\/infusion-de-te-de-relax-bio-17-uds-306-g\/","title":{"rendered":"Biologische Relax Thee M\u00e9lange 17 st. 30,6 g."},"content":{"rendered":"<p><strong>YOGI TEA Infusi\u00f3n de t\u00e9 de relax BIO 17 uds. 30,6 g.<\/strong> van het merk <strong>YOGIEA<\/strong> is een product dat behoort tot de categorie <em>Biologische supermarkt &gt; Biologisch ontbijt<\/em>, geselecteerd binnen de Spaanse biologische supermarkt.<\/p>\n<p>Dit product is ontworpen voor mensen die een veganistisch, biologisch of plantaardig dieet volgen, waarbij kwaliteitsingredi\u00ebnten, verantwoorde processen en duurzamere consumptie voorop staan.<\/p>\n<p>Ideaal voor Europese klanten die op zoek zijn naar biologische en veganistische producten uit Spanje met internationale bezorging, met behoud van de essentie van de Spaanse supermarkt.<\/p>","protected":false},"excerpt":{"rendered":"<p>YOGI TEA Infusi\u00f3n de t\u00e9 de relax BIO 17 uds. 30,6 g. YOGI TEA. Producto ecol\u00f3gico y vegano seleccionado en supermercado espa\u00f1ol, ideal para una alimentaci\u00f3n consciente y saludable.<\/p>","protected":false},"featured_media":187873,"template":"","meta":[],"product_brand":[],"product_cat":[354],"product_tag":[],"class_list":{"0":"post-187872","1":"product","2":"type-product","3":"status-publish","4":"has-post-thumbnail","6":"product_cat-desayunos-ecologicos","8":"first","9":"instock","10":"taxable","11":"shipping-taxable","12":"purchasable","13":"product-type-simple"},"jetpack_sharing_enabled":true,"_links":{"self":[{"href":"https:\/\/iber.market\/nl\/wp-json\/wp\/v2\/product\/187872","targetHints":{"allow":["GET"]}}],"collection":[{"href":"https:\/\/iber.market\/nl\/wp-json\/wp\/v2\/product"}],"about":[{"href":"https:\/\/iber.market\/nl\/wp-json\/wp\/v2\/types\/product"}],"wp:featuredmedia":[{"embeddable":true,"href":"https:\/\/iber.market\/nl\/wp-json\/wp\/v2\/media\/187873"}],"wp:attachment":[{"href":"https:\/\/iber.market\/nl\/wp-json\/wp\/v2\/media?parent=187872"}],"wp:term":[{"taxonomy":"product_brand","embeddable":true,"href":"https:\/\/iber.market\/nl\/wp-json\/wp\/v2\/product_brand?post=187872"},{"taxonomy":"product_cat","embeddable":true,"href":"https:\/\/iber.market\/nl\/wp-json\/wp\/v2\/product_cat?post=187872"},{"taxonomy":"product_tag","embeddable":true,"href":"https:\/\/iber.market\/nl\/wp-json\/wp\/v2\/product_tag?post=187872"}],"curies":[{"name":"wp","href":"https:\/\/api.w.org\/{rel}","templated":true}]}}