{"id":187795,"date":"2026-01-10T16:17:41","date_gmt":"2026-01-10T16:17:41","guid":{"rendered":"https:\/\/iber.market\/producto\/fuagra-vegetal-con-cebolla-caramelizada-100-g\/"},"modified":"2026-01-10T16:17:41","modified_gmt":"2026-01-10T16:17:41","slug":"fuagra-vegetal-con-cebolla-caramelizada-100-g","status":"publish","type":"product","link":"https:\/\/iber.market\/nl\/product-2\/fuagra-vegetal-con-cebolla-caramelizada-100-g\/","title":{"rendered":"Fuagr\u00e1 vegetal con cebolla caramelizada 100 g."},"content":{"rendered":"<p><strong>ESENCIA Y SABOR DE LA DEHESA Fuagr\u00e1 vegetal con cebolla caramelizada 100 g.<\/strong> van het merk <strong>ESENCIA Y SABOR DE LA DEHESA<\/strong> is een product dat behoort tot de categorie <em>Supermercado Ecol\u00f3gico > Tu despensa Ecol\u00f3gica<\/em>, geselecteerd binnen de Spaanse biologische supermarkt.<\/p>\n<p>Dit product is ontworpen voor mensen die een veganistisch, biologisch of plantaardig dieet volgen, waarbij kwaliteitsingredi\u00ebnten, verantwoorde processen en duurzamere consumptie voorop staan.<\/p>\n<p>Ideaal voor Europese klanten die op zoek zijn naar biologische en veganistische producten uit Spanje met internationale bezorging, met behoud van de essentie van de Spaanse supermarkt.<\/p>","protected":false},"excerpt":{"rendered":"<p>ESENCIA Y SABOR DE LA DEHESA Fuagr\u00e1 vegetal con cebolla caramelizada 100 g. ESENCIA Y SABOR DE LA DEHESA. Producto ecol\u00f3gico y vegano seleccionado en supermercado espa\u00f1ol, ideal para una alimentaci\u00f3n consciente y saludable.<\/p>","protected":false},"featured_media":187796,"template":"","meta":[],"product_brand":[],"product_cat":[352],"product_tag":[],"class_list":{"0":"post-187795","1":"product","2":"type-product","3":"status-publish","4":"has-post-thumbnail","6":"product_cat-tu-despensa-ecologica","8":"first","9":"instock","10":"taxable","11":"shipping-taxable","12":"purchasable","13":"product-type-simple"},"jetpack_sharing_enabled":true,"_links":{"self":[{"href":"https:\/\/iber.market\/nl\/wp-json\/wp\/v2\/product\/187795","targetHints":{"allow":["GET"]}}],"collection":[{"href":"https:\/\/iber.market\/nl\/wp-json\/wp\/v2\/product"}],"about":[{"href":"https:\/\/iber.market\/nl\/wp-json\/wp\/v2\/types\/product"}],"wp:featuredmedia":[{"embeddable":true,"href":"https:\/\/iber.market\/nl\/wp-json\/wp\/v2\/media\/187796"}],"wp:attachment":[{"href":"https:\/\/iber.market\/nl\/wp-json\/wp\/v2\/media?parent=187795"}],"wp:term":[{"taxonomy":"product_brand","embeddable":true,"href":"https:\/\/iber.market\/nl\/wp-json\/wp\/v2\/product_brand?post=187795"},{"taxonomy":"product_cat","embeddable":true,"href":"https:\/\/iber.market\/nl\/wp-json\/wp\/v2\/product_cat?post=187795"},{"taxonomy":"product_tag","embeddable":true,"href":"https:\/\/iber.market\/nl\/wp-json\/wp\/v2\/product_tag?post=187795"}],"curies":[{"name":"wp","href":"https:\/\/api.w.org\/{rel}","templated":true}]}}