{"id":187713,"date":"2026-01-10T16:17:24","date_gmt":"2026-01-10T16:17:24","guid":{"rendered":"https:\/\/iber.market\/producto\/infusion-para-las-defensas-naturales-bio-17-uds-34-g\/"},"modified":"2026-01-10T16:17:25","modified_gmt":"2026-01-10T16:17:25","slug":"infusion-para-las-defensas-naturales-bio-17-uds-34-g","status":"publish","type":"product","link":"https:\/\/iber.market\/nl\/product-2\/infusion-para-las-defensas-naturales-bio-17-uds-34-g\/","title":{"rendered":"Infusie voor natuurlijke biologische weerstand 17 st. 34 g."},"content":{"rendered":"<p><strong>YOGI TEA Infusi\u00f3n para las defensas naturales BIO 17 uds. 34 g.<\/strong> van het merk <strong>YOGIEA<\/strong> is een product dat behoort tot de categorie <em>Biologische supermarkt &gt; Biologisch ontbijt<\/em>, geselecteerd binnen de Spaanse biologische supermarkt.<\/p>\n<p>Dit product is ontworpen voor mensen die een veganistisch, biologisch of plantaardig dieet volgen, waarbij kwaliteitsingredi\u00ebnten, verantwoorde processen en duurzamere consumptie voorop staan.<\/p>\n<p>Ideaal voor Europese klanten die op zoek zijn naar biologische en veganistische producten uit Spanje met internationale bezorging, met behoud van de essentie van de Spaanse supermarkt.<\/p>","protected":false},"excerpt":{"rendered":"<p>YOGI TEA Infusi\u00f3n para las defensas naturales BIO 17 uds. 34 g. YOGI TEA. Producto ecol\u00f3gico y vegano seleccionado en supermercado espa\u00f1ol, ideal para una alimentaci\u00f3n consciente y saludable.<\/p>","protected":false},"featured_media":187714,"template":"","meta":[],"product_brand":[],"product_cat":[354],"product_tag":[],"class_list":{"0":"post-187713","1":"product","2":"type-product","3":"status-publish","4":"has-post-thumbnail","6":"product_cat-desayunos-ecologicos","8":"first","9":"instock","10":"taxable","11":"shipping-taxable","12":"purchasable","13":"product-type-simple"},"jetpack_sharing_enabled":true,"_links":{"self":[{"href":"https:\/\/iber.market\/nl\/wp-json\/wp\/v2\/product\/187713","targetHints":{"allow":["GET"]}}],"collection":[{"href":"https:\/\/iber.market\/nl\/wp-json\/wp\/v2\/product"}],"about":[{"href":"https:\/\/iber.market\/nl\/wp-json\/wp\/v2\/types\/product"}],"wp:featuredmedia":[{"embeddable":true,"href":"https:\/\/iber.market\/nl\/wp-json\/wp\/v2\/media\/187714"}],"wp:attachment":[{"href":"https:\/\/iber.market\/nl\/wp-json\/wp\/v2\/media?parent=187713"}],"wp:term":[{"taxonomy":"product_brand","embeddable":true,"href":"https:\/\/iber.market\/nl\/wp-json\/wp\/v2\/product_brand?post=187713"},{"taxonomy":"product_cat","embeddable":true,"href":"https:\/\/iber.market\/nl\/wp-json\/wp\/v2\/product_cat?post=187713"},{"taxonomy":"product_tag","embeddable":true,"href":"https:\/\/iber.market\/nl\/wp-json\/wp\/v2\/product_tag?post=187713"}],"curies":[{"name":"wp","href":"https:\/\/api.w.org\/{rel}","templated":true}]}}