{"id":187692,"date":"2026-01-10T16:17:21","date_gmt":"2026-01-10T16:17:21","guid":{"rendered":"https:\/\/iber.market\/producto\/bio-mascarilla-facial-iluminadora-con-extracto-de-naranja-ecologica-y-vitamina-c-100-ml\/"},"modified":"2026-01-10T16:17:21","modified_gmt":"2026-01-10T16:17:21","slug":"bio-mascarilla-facial-iluminadora-con-extracto-de-naranja-ecologica-y-vitamina-c-100-ml","status":"publish","type":"product","link":"https:\/\/iber.market\/nl\/product-2\/bio-mascarilla-facial-iluminadora-con-extracto-de-naranja-ecologica-y-vitamina-c-100-ml\/","title":{"rendered":"Bio Brightening gezichtsmasker met organisch sinaasappelextract en vitamine C 100 ml."},"content":{"rendered":"<p><strong>COSMIA Bio Mascarilla facial iluminadora con extracto de naranja ecol\u00f3gica y vitamina C 100 ml.<\/strong> van het merk <strong>COSMIA<\/strong> is een product dat behoort tot de categorie <em>Biologische supermarkt &gt; Biologische parfumerie<\/em>, geselecteerd binnen de Spaanse biologische supermarkt.<\/p>\n<p>Dit product is ontworpen voor mensen die een veganistisch, biologisch of plantaardig dieet volgen, waarbij kwaliteitsingredi\u00ebnten, verantwoorde processen en duurzamere consumptie voorop staan.<\/p>\n<p>Ideaal voor Europese klanten die op zoek zijn naar biologische en veganistische producten uit Spanje met internationale bezorging, met behoud van de essentie van de Spaanse supermarkt.<\/p>","protected":false},"excerpt":{"rendered":"<p>COSMIA Bio Mascarilla facial iluminadora con extracto de naranja ecol\u00f3gica y vitamina C 100 ml. COSMIA. Producto ecol\u00f3gico y vegano seleccionado en supermercado espa\u00f1ol, ideal para una alimentaci\u00f3n consciente y saludable.<\/p>","protected":false},"featured_media":187693,"template":"","meta":[],"product_brand":[],"product_cat":[358],"product_tag":[],"class_list":{"0":"post-187692","1":"product","2":"type-product","3":"status-publish","4":"has-post-thumbnail","6":"product_cat-perfumeria-ecologica","8":"first","9":"instock","10":"taxable","11":"shipping-taxable","12":"purchasable","13":"product-type-simple"},"jetpack_sharing_enabled":true,"_links":{"self":[{"href":"https:\/\/iber.market\/nl\/wp-json\/wp\/v2\/product\/187692","targetHints":{"allow":["GET"]}}],"collection":[{"href":"https:\/\/iber.market\/nl\/wp-json\/wp\/v2\/product"}],"about":[{"href":"https:\/\/iber.market\/nl\/wp-json\/wp\/v2\/types\/product"}],"wp:featuredmedia":[{"embeddable":true,"href":"https:\/\/iber.market\/nl\/wp-json\/wp\/v2\/media\/187693"}],"wp:attachment":[{"href":"https:\/\/iber.market\/nl\/wp-json\/wp\/v2\/media?parent=187692"}],"wp:term":[{"taxonomy":"product_brand","embeddable":true,"href":"https:\/\/iber.market\/nl\/wp-json\/wp\/v2\/product_brand?post=187692"},{"taxonomy":"product_cat","embeddable":true,"href":"https:\/\/iber.market\/nl\/wp-json\/wp\/v2\/product_cat?post=187692"},{"taxonomy":"product_tag","embeddable":true,"href":"https:\/\/iber.market\/nl\/wp-json\/wp\/v2\/product_tag?post=187692"}],"curies":[{"name":"wp","href":"https:\/\/api.w.org\/{rel}","templated":true}]}}