{"id":187665,"date":"2026-01-10T16:17:15","date_gmt":"2026-01-10T16:17:15","guid":{"rendered":"https:\/\/iber.market\/producto\/on-the-go-bebida-de-avena-y-cafe-ecologico-230-ml\/"},"modified":"2026-01-10T16:17:16","modified_gmt":"2026-01-10T16:17:16","slug":"on-the-go-bebida-de-avena-y-cafe-ecologico-230-ml","status":"publish","type":"product","link":"https:\/\/iber.market\/nl\/product-2\/on-the-go-bebida-de-avena-y-cafe-ecologico-230-ml\/","title":{"rendered":"On the go Biologische koffie- en haverdrank 230 ml."},"content":{"rendered":"<p><strong>ABBOT KINNEY\u00b4S On the go Bebida de avena y caf\u00e9 ecol\u00f3gico 230 ml.<\/strong> van het merk <strong>ABBOT KINNEY\u00b4S<\/strong> is een product dat behoort tot de categorie <em>Biologische supermarkt &gt; Biologische dranken<\/em>, geselecteerd binnen de Spaanse biologische supermarkt.<\/p>\n<p>Dit product is ontworpen voor mensen die een veganistisch, biologisch of plantaardig dieet volgen, waarbij kwaliteitsingredi\u00ebnten, verantwoorde processen en duurzamere consumptie voorop staan.<\/p>\n<p>Ideaal voor Europese klanten die op zoek zijn naar biologische en veganistische producten uit Spanje met internationale bezorging, met behoud van de essentie van de Spaanse supermarkt.<\/p>","protected":false},"excerpt":{"rendered":"<p>ABBOT KINNEY\u00b4S On the go Bebida de avena y caf\u00e9 ecol\u00f3gico 230 ml. ABBOT KINNEY\u00b4S. Producto ecol\u00f3gico y vegano seleccionado en supermercado espa\u00f1ol, ideal para una alimentaci\u00f3n consciente y saludable.<\/p>","protected":false},"featured_media":187666,"template":"","meta":[],"product_brand":[],"product_cat":[353],"product_tag":[],"class_list":{"0":"post-187665","1":"product","2":"type-product","3":"status-publish","4":"has-post-thumbnail","6":"product_cat-bebidas-ecologicas","8":"first","9":"instock","10":"taxable","11":"shipping-taxable","12":"purchasable","13":"product-type-simple"},"jetpack_sharing_enabled":true,"_links":{"self":[{"href":"https:\/\/iber.market\/nl\/wp-json\/wp\/v2\/product\/187665","targetHints":{"allow":["GET"]}}],"collection":[{"href":"https:\/\/iber.market\/nl\/wp-json\/wp\/v2\/product"}],"about":[{"href":"https:\/\/iber.market\/nl\/wp-json\/wp\/v2\/types\/product"}],"wp:featuredmedia":[{"embeddable":true,"href":"https:\/\/iber.market\/nl\/wp-json\/wp\/v2\/media\/187666"}],"wp:attachment":[{"href":"https:\/\/iber.market\/nl\/wp-json\/wp\/v2\/media?parent=187665"}],"wp:term":[{"taxonomy":"product_brand","embeddable":true,"href":"https:\/\/iber.market\/nl\/wp-json\/wp\/v2\/product_brand?post=187665"},{"taxonomy":"product_cat","embeddable":true,"href":"https:\/\/iber.market\/nl\/wp-json\/wp\/v2\/product_cat?post=187665"},{"taxonomy":"product_tag","embeddable":true,"href":"https:\/\/iber.market\/nl\/wp-json\/wp\/v2\/product_tag?post=187665"}],"curies":[{"name":"wp","href":"https:\/\/api.w.org\/{rel}","templated":true}]}}