{"id":187631,"date":"2026-01-10T16:17:10","date_gmt":"2026-01-10T16:17:10","guid":{"rendered":"https:\/\/iber.market\/producto\/cava-semi-seco-ecologico-benjamin-3-x-20-cl\/"},"modified":"2026-01-10T16:17:10","modified_gmt":"2026-01-10T16:17:10","slug":"cava-semi-seco-ecologico-benjamin-3-x-20-cl","status":"publish","type":"product","link":"https:\/\/iber.market\/nl\/product-2\/cava-semi-seco-ecologico-benjamin-3-x-20-cl\/","title":{"rendered":"Cava semi seco ecol\u00f3gico benjam\u00edn 3 x 20 cl."},"content":{"rendered":"<p><strong>CODORNIU Cava semi seco ecol\u00f3gico benjam\u00edn 3 x 20 cl.<\/strong> van het merk <strong>CODORNIU<\/strong> is een product dat behoort tot de categorie <em>Biologische supermarkt &gt; Biologische dranken<\/em>, geselecteerd binnen de Spaanse biologische supermarkt.<\/p>\n<p>Dit product is ontworpen voor mensen die een veganistisch, biologisch of plantaardig dieet volgen, waarbij kwaliteitsingredi\u00ebnten, verantwoorde processen en duurzamere consumptie voorop staan.<\/p>\n<p>Ideaal voor Europese klanten die op zoek zijn naar biologische en veganistische producten uit Spanje met internationale bezorging, met behoud van de essentie van de Spaanse supermarkt.<\/p>","protected":false},"excerpt":{"rendered":"<p>CODORNIU Cava semi seco ecol\u00f3gico benjam\u00edn 3 x 20 cl. CODORNIU. Producto ecol\u00f3gico y vegano seleccionado en supermercado espa\u00f1ol, ideal para una alimentaci\u00f3n consciente y saludable.<\/p>","protected":false},"featured_media":187632,"template":"","meta":[],"product_brand":[],"product_cat":[353],"product_tag":[],"class_list":{"0":"post-187631","1":"product","2":"type-product","3":"status-publish","4":"has-post-thumbnail","6":"product_cat-bebidas-ecologicas","8":"first","9":"instock","10":"taxable","11":"shipping-taxable","12":"purchasable","13":"product-type-simple"},"jetpack_sharing_enabled":true,"_links":{"self":[{"href":"https:\/\/iber.market\/nl\/wp-json\/wp\/v2\/product\/187631","targetHints":{"allow":["GET"]}}],"collection":[{"href":"https:\/\/iber.market\/nl\/wp-json\/wp\/v2\/product"}],"about":[{"href":"https:\/\/iber.market\/nl\/wp-json\/wp\/v2\/types\/product"}],"wp:featuredmedia":[{"embeddable":true,"href":"https:\/\/iber.market\/nl\/wp-json\/wp\/v2\/media\/187632"}],"wp:attachment":[{"href":"https:\/\/iber.market\/nl\/wp-json\/wp\/v2\/media?parent=187631"}],"wp:term":[{"taxonomy":"product_brand","embeddable":true,"href":"https:\/\/iber.market\/nl\/wp-json\/wp\/v2\/product_brand?post=187631"},{"taxonomy":"product_cat","embeddable":true,"href":"https:\/\/iber.market\/nl\/wp-json\/wp\/v2\/product_cat?post=187631"},{"taxonomy":"product_tag","embeddable":true,"href":"https:\/\/iber.market\/nl\/wp-json\/wp\/v2\/product_tag?post=187631"}],"curies":[{"name":"wp","href":"https:\/\/api.w.org\/{rel}","templated":true}]}}