{"id":187579,"date":"2026-01-10T16:16:58","date_gmt":"2026-01-10T16:16:58","guid":{"rendered":"https:\/\/iber.market\/producto\/kombucha-ecologica-con-probioticos-kiwi-y-espirulina-botella-100-ml\/"},"modified":"2026-01-10T16:16:58","modified_gmt":"2026-01-10T16:16:58","slug":"kombucha-ecologica-con-probioticos-kiwi-y-espirulina-botella-100-ml","status":"publish","type":"product","link":"https:\/\/iber.market\/nl\/product-2\/kombucha-ecologica-con-probioticos-kiwi-y-espirulina-botella-100-ml\/","title":{"rendered":"Biologische kombucha met probiotica, kiwi en spirulina 100 ml fles."},"content":{"rendered":"<p><strong>KOMVIDA Kombucha ecol\u00f3gica con probi\u00f3ticos, kiwi y espirulina  botella 100 ml.<\/strong> van het merk <strong>KOMVIDA<\/strong> is een product dat behoort tot de categorie <em>Biologische supermarkt &gt; Biologische dranken<\/em>, geselecteerd binnen de Spaanse biologische supermarkt.<\/p>\n<p>Dit product is ontworpen voor mensen die een veganistisch, biologisch of plantaardig dieet volgen, waarbij kwaliteitsingredi\u00ebnten, verantwoorde processen en duurzamere consumptie voorop staan.<\/p>\n<p>Ideaal voor Europese klanten die op zoek zijn naar biologische en veganistische producten uit Spanje met internationale bezorging, met behoud van de essentie van de Spaanse supermarkt.<\/p>","protected":false},"excerpt":{"rendered":"<p>KOMVIDA Kombucha ecol\u00f3gica con probi\u00f3ticos, kiwi y espirulina  botella 100 ml. KOMVIDA. Producto ecol\u00f3gico y vegano seleccionado en supermercado espa\u00f1ol, ideal para una alimentaci\u00f3n consciente y saludable.<\/p>","protected":false},"featured_media":187580,"template":"","meta":[],"product_brand":[],"product_cat":[353],"product_tag":[],"class_list":{"0":"post-187579","1":"product","2":"type-product","3":"status-publish","4":"has-post-thumbnail","6":"product_cat-bebidas-ecologicas","8":"first","9":"instock","10":"taxable","11":"shipping-taxable","12":"purchasable","13":"product-type-simple"},"jetpack_sharing_enabled":true,"_links":{"self":[{"href":"https:\/\/iber.market\/nl\/wp-json\/wp\/v2\/product\/187579","targetHints":{"allow":["GET"]}}],"collection":[{"href":"https:\/\/iber.market\/nl\/wp-json\/wp\/v2\/product"}],"about":[{"href":"https:\/\/iber.market\/nl\/wp-json\/wp\/v2\/types\/product"}],"wp:featuredmedia":[{"embeddable":true,"href":"https:\/\/iber.market\/nl\/wp-json\/wp\/v2\/media\/187580"}],"wp:attachment":[{"href":"https:\/\/iber.market\/nl\/wp-json\/wp\/v2\/media?parent=187579"}],"wp:term":[{"taxonomy":"product_brand","embeddable":true,"href":"https:\/\/iber.market\/nl\/wp-json\/wp\/v2\/product_brand?post=187579"},{"taxonomy":"product_cat","embeddable":true,"href":"https:\/\/iber.market\/nl\/wp-json\/wp\/v2\/product_cat?post=187579"},{"taxonomy":"product_tag","embeddable":true,"href":"https:\/\/iber.market\/nl\/wp-json\/wp\/v2\/product_tag?post=187579"}],"curies":[{"name":"wp","href":"https:\/\/api.w.org\/{rel}","templated":true}]}}