{"id":187505,"date":"2026-01-10T16:16:45","date_gmt":"2026-01-10T16:16:45","guid":{"rendered":"https:\/\/iber.market\/producto\/organic-kombucha-bebida-fermentada-de-te-verde-con-curcuma-y-naranja-lata-33-cl\/"},"modified":"2026-01-10T16:16:45","modified_gmt":"2026-01-10T16:16:45","slug":"organic-kombucha-bebida-fermentada-de-te-verde-con-curcuma-y-naranja-lata-33-cl","status":"publish","type":"product","link":"https:\/\/iber.market\/nl\/product-2\/organic-kombucha-bebida-fermentada-de-te-verde-con-curcuma-y-naranja-lata-33-cl\/","title":{"rendered":"Biologische Kombucha (gefermenteerde groene theedrank) met kurkuma en sinaasappel blikje 33 cl."},"content":{"rendered":"<p><strong>MUN Organic Kombucha (Bebida fermentada de t\u00e9 verde) con c\u00farcuma y naranja lata 33 cl.<\/strong> van het merk <strong>MUN<\/strong> is een product dat behoort tot de categorie <em>Biologische supermarkt &gt; Biologische dranken<\/em>, geselecteerd binnen de Spaanse biologische supermarkt.<\/p>\n<p>Dit product is ontworpen voor mensen die een veganistisch, biologisch of plantaardig dieet volgen, waarbij kwaliteitsingredi\u00ebnten, verantwoorde processen en duurzamere consumptie voorop staan.<\/p>\n<p>Ideaal voor Europese klanten die op zoek zijn naar biologische en veganistische producten uit Spanje met internationale bezorging, met behoud van de essentie van de Spaanse supermarkt.<\/p>","protected":false},"excerpt":{"rendered":"<p>MUN Organic Kombucha (Bebida fermentada de t\u00e9 verde) con c\u00farcuma y naranja lata 33 cl. MUN. Producto ecol\u00f3gico y vegano seleccionado en supermercado espa\u00f1ol, ideal para una alimentaci\u00f3n consciente y saludable.<\/p>","protected":false},"featured_media":187506,"template":"","meta":[],"product_brand":[],"product_cat":[353],"product_tag":[],"class_list":{"0":"post-187505","1":"product","2":"type-product","3":"status-publish","4":"has-post-thumbnail","6":"product_cat-bebidas-ecologicas","8":"first","9":"instock","10":"taxable","11":"shipping-taxable","12":"purchasable","13":"product-type-simple"},"jetpack_sharing_enabled":true,"_links":{"self":[{"href":"https:\/\/iber.market\/nl\/wp-json\/wp\/v2\/product\/187505","targetHints":{"allow":["GET"]}}],"collection":[{"href":"https:\/\/iber.market\/nl\/wp-json\/wp\/v2\/product"}],"about":[{"href":"https:\/\/iber.market\/nl\/wp-json\/wp\/v2\/types\/product"}],"wp:featuredmedia":[{"embeddable":true,"href":"https:\/\/iber.market\/nl\/wp-json\/wp\/v2\/media\/187506"}],"wp:attachment":[{"href":"https:\/\/iber.market\/nl\/wp-json\/wp\/v2\/media?parent=187505"}],"wp:term":[{"taxonomy":"product_brand","embeddable":true,"href":"https:\/\/iber.market\/nl\/wp-json\/wp\/v2\/product_brand?post=187505"},{"taxonomy":"product_cat","embeddable":true,"href":"https:\/\/iber.market\/nl\/wp-json\/wp\/v2\/product_cat?post=187505"},{"taxonomy":"product_tag","embeddable":true,"href":"https:\/\/iber.market\/nl\/wp-json\/wp\/v2\/product_tag?post=187505"}],"curies":[{"name":"wp","href":"https:\/\/api.w.org\/{rel}","templated":true}]}}