{"id":184038,"date":"2025-10-24T20:44:59","date_gmt":"2025-10-24T20:44:59","guid":{"rendered":"https:\/\/iber.market\/?post_type=product&#038;p=184038"},"modified":"2026-02-24T03:56:38","modified_gmt":"2026-02-24T03:56:38","slug":"galletas-speculoos-bites","status":"publish","type":"product","link":"https:\/\/iber.market\/nl\/product-2\/galletas-speculoos-bites\/","title":{"rendered":"Deliplus Kids 3 in 1 Shampoo voor kinderen"},"content":{"rendered":"<p>Champ\u00fa infantil Kids 3 en 1 Deliplus es una excelente opci\u00f3n para quienes viven fuera de Espa\u00f1a y quieren seguir utilizando productos de higiene y cuidado personal similares a los que se encuentran habitualmente en el mercado espa\u00f1ol. Pensado para expatriados espa\u00f1oles en Europa y consumidores que valoran la calidad y tradici\u00f3n de los productos espa\u00f1oles, ofreciendo comodidad y confianza en el cuidado diario.<\/p>","protected":false},"excerpt":{"rendered":"<p>Champ\u00fa infantil Kids 3 en 1 Deliplus con calidad inspirada en el cuidado personal habitual en Espa\u00f1a. Ideal para expatriados en Europa y amantes de los productos espa\u00f1oles.<\/p>","protected":false},"featured_media":198661,"template":"","meta":[],"product_brand":[320],"product_cat":[371],"product_tag":[],"class_list":{"0":"post-184038","1":"product","2":"type-product","3":"status-publish","4":"has-post-thumbnail","6":"product_brand-fam-biscuit","7":"product_cat-champus-y-coloraciones","9":"first","10":"instock","11":"taxable","12":"shipping-taxable","13":"purchasable","14":"product-type-simple"},"jetpack_sharing_enabled":true,"_links":{"self":[{"href":"https:\/\/iber.market\/nl\/wp-json\/wp\/v2\/product\/184038","targetHints":{"allow":["GET"]}}],"collection":[{"href":"https:\/\/iber.market\/nl\/wp-json\/wp\/v2\/product"}],"about":[{"href":"https:\/\/iber.market\/nl\/wp-json\/wp\/v2\/types\/product"}],"wp:featuredmedia":[{"embeddable":true,"href":"https:\/\/iber.market\/nl\/wp-json\/wp\/v2\/media\/198661"}],"wp:attachment":[{"href":"https:\/\/iber.market\/nl\/wp-json\/wp\/v2\/media?parent=184038"}],"wp:term":[{"taxonomy":"product_brand","embeddable":true,"href":"https:\/\/iber.market\/nl\/wp-json\/wp\/v2\/product_brand?post=184038"},{"taxonomy":"product_cat","embeddable":true,"href":"https:\/\/iber.market\/nl\/wp-json\/wp\/v2\/product_cat?post=184038"},{"taxonomy":"product_tag","embeddable":true,"href":"https:\/\/iber.market\/nl\/wp-json\/wp\/v2\/product_tag?post=184038"}],"curies":[{"name":"wp","href":"https:\/\/api.w.org\/{rel}","templated":true}]}}