{"id":11694,"date":"2025-08-20T00:46:44","date_gmt":"2025-08-20T00:46:44","guid":{"rendered":"https:\/\/lightgreen-hyena-937059.hostingersite.com\/?post_type=product&#038;p=11694"},"modified":"2025-10-04T06:26:36","modified_gmt":"2025-10-04T06:26:36","slug":"tomate-para-untar-hacendado-con-aceite-de-oliva","status":"publish","type":"product","link":"https:\/\/iber.market\/nl\/product-2\/tomate-para-untar-hacendado-con-aceite-de-oliva\/","title":{"rendered":"Tomate para untar Hacendado con aceite de oliva"},"content":{"rendered":"<p>Tomate para untar Hacendado con aceite de oliva, un cl\u00e1sico del mercado espa\u00f1ol. Forma parte de la variedad de tomate. Ideal para espa\u00f1oles fuera de Europa que buscan sabores de casa y para europeos que desean productos aut\u00e9nticos de Espa\u00f1a.<\/p>","protected":false},"excerpt":{"rendered":"<p>Tomate para untar Hacendado con aceite de oliva con aut\u00e9ntico sabor espa\u00f1ol.<\/p>","protected":false},"featured_media":11695,"template":"","meta":[],"product_brand":[],"product_cat":[132],"product_tag":[135],"class_list":{"0":"post-11694","1":"product","2":"type-product","3":"status-publish","4":"has-post-thumbnail","6":"product_cat-conservas-vegetales-y-tomate","7":"product_tag-tomate","9":"first","10":"instock","11":"taxable","12":"shipping-taxable","13":"purchasable","14":"product-type-simple"},"jetpack_sharing_enabled":true,"_links":{"self":[{"href":"https:\/\/iber.market\/nl\/wp-json\/wp\/v2\/product\/11694","targetHints":{"allow":["GET"]}}],"collection":[{"href":"https:\/\/iber.market\/nl\/wp-json\/wp\/v2\/product"}],"about":[{"href":"https:\/\/iber.market\/nl\/wp-json\/wp\/v2\/types\/product"}],"wp:featuredmedia":[{"embeddable":true,"href":"https:\/\/iber.market\/nl\/wp-json\/wp\/v2\/media\/11695"}],"wp:attachment":[{"href":"https:\/\/iber.market\/nl\/wp-json\/wp\/v2\/media?parent=11694"}],"wp:term":[{"taxonomy":"product_brand","embeddable":true,"href":"https:\/\/iber.market\/nl\/wp-json\/wp\/v2\/product_brand?post=11694"},{"taxonomy":"product_cat","embeddable":true,"href":"https:\/\/iber.market\/nl\/wp-json\/wp\/v2\/product_cat?post=11694"},{"taxonomy":"product_tag","embeddable":true,"href":"https:\/\/iber.market\/nl\/wp-json\/wp\/v2\/product_tag?post=11694"}],"curies":[{"name":"wp","href":"https:\/\/api.w.org\/{rel}","templated":true}]}}