{"id":11592,"date":"2025-08-20T00:37:36","date_gmt":"2025-08-20T00:37:36","guid":{"rendered":"https:\/\/lightgreen-hyena-937059.hostingersite.com\/?post_type=product&#038;p=11592"},"modified":"2025-10-04T06:26:10","modified_gmt":"2025-10-04T06:26:10","slug":"pimientos-del-piquillo-en-tiras-con-ajo-hacendado","status":"publish","type":"product","link":"https:\/\/iber.market\/nl\/product-2\/pimientos-del-piquillo-en-tiras-con-ajo-hacendado\/","title":{"rendered":"Pimientos del piquillo en tiras con ajo Hacendado"},"content":{"rendered":"<p>Pimientos del piquillo en tiras con ajo Hacendado, un cl\u00e1sico del mercado espa\u00f1ol. Forma parte de la variedad de conservas verdura. Ideal para espa\u00f1oles fuera de Europa que buscan sabores de casa y para europeos que desean productos aut\u00e9nticos de Espa\u00f1a.<\/p>","protected":false},"excerpt":{"rendered":"<p>Pimientos del piquillo en tiras con ajo Hacendado con aut\u00e9ntico sabor espa\u00f1ol.<\/p>","protected":false},"featured_media":11593,"template":"","meta":[],"product_brand":[],"product_cat":[132],"product_tag":[133],"class_list":{"0":"post-11592","1":"product","2":"type-product","3":"status-publish","4":"has-post-thumbnail","6":"product_cat-conservas-vegetales-y-tomate","7":"product_tag-conservas-verdura","9":"first","10":"instock","11":"taxable","12":"shipping-taxable","13":"purchasable","14":"product-type-simple"},"jetpack_sharing_enabled":true,"_links":{"self":[{"href":"https:\/\/iber.market\/nl\/wp-json\/wp\/v2\/product\/11592","targetHints":{"allow":["GET"]}}],"collection":[{"href":"https:\/\/iber.market\/nl\/wp-json\/wp\/v2\/product"}],"about":[{"href":"https:\/\/iber.market\/nl\/wp-json\/wp\/v2\/types\/product"}],"wp:featuredmedia":[{"embeddable":true,"href":"https:\/\/iber.market\/nl\/wp-json\/wp\/v2\/media\/11593"}],"wp:attachment":[{"href":"https:\/\/iber.market\/nl\/wp-json\/wp\/v2\/media?parent=11592"}],"wp:term":[{"taxonomy":"product_brand","embeddable":true,"href":"https:\/\/iber.market\/nl\/wp-json\/wp\/v2\/product_brand?post=11592"},{"taxonomy":"product_cat","embeddable":true,"href":"https:\/\/iber.market\/nl\/wp-json\/wp\/v2\/product_cat?post=11592"},{"taxonomy":"product_tag","embeddable":true,"href":"https:\/\/iber.market\/nl\/wp-json\/wp\/v2\/product_tag?post=11592"}],"curies":[{"name":"wp","href":"https:\/\/api.w.org\/{rel}","templated":true}]}}