{"id":180740,"date":"2025-09-05T01:01:26","date_gmt":"2025-09-05T01:01:26","guid":{"rendered":"https:\/\/lightgreen-hyena-937059.hostingersite.com\/?page_id=180740"},"modified":"2025-09-21T19:19:25","modified_gmt":"2025-09-21T19:19:25","slug":"politica-de-devolucion","status":"publish","type":"page","link":"https:\/\/iber.market\/nl\/politica-de-devolucion\/","title":{"rendered":"RETOURBELEID"},"content":{"rendered":"<div class=\"container section-title-container\" ><h3 class=\"section-title section-title-normal\"><b><\/b><span class=\"section-title-main\" >RETOURBELEID<\/span><b><\/b><\/h3><\/div>\n\n<h4><strong>Pol\u00edtica de anulaci\u00f3n<\/strong><\/h4>\n<p><strong>\u00a0<\/strong><\/p>\n<h4><strong>Derecho de cancelaci\u00f3n<\/strong><\/h4>\n<p>Tiene derecho a rescindir el presente contrato en un plazo de catorce d\u00edas sin necesidad de justificaci\u00f3n. El plazo de cancelaci\u00f3n es de catorce d\u00edas a partir del d\u00eda en que usted o un tercero nombrado por usted, que no sea el transportista, tom\u00f3 posesi\u00f3n de los bienes.<\/p>\n<p><strong>Para ejercer el derecho de desistimiento, deber\u00e1 informarnos a:<\/strong><\/p>\n<p>Valencia textielgroep<\/p>\n<p>Calle Castilla, 4, 03<\/p>\n<p>46920 Mislata<\/p>\n<p>Valencia<\/p>\n<p><a href=\"mailto:info@iber.market\">info@iber.market<\/a><\/p>\n<p>Telefoon: +34 672 33 68 79<\/p>\n<p>de su decisi\u00f3n de desistir del presente contrato mediante una declaraci\u00f3n clara (por ejemplo, una carta enviada por correo postal o electr\u00f3nico). Puede utilizar el modelo de formulario de cancelaci\u00f3n adjunto, pero no es obligatorio.<\/p>\n<p>Para cumplir el plazo de cancelaci\u00f3n, basta con que env\u00ede su comunicaci\u00f3n relativa al ejercicio del derecho de cancelaci\u00f3n antes de que expire el plazo de cancelaci\u00f3n.<\/p>\n<h4><strong>Consecuencias de la cancelaci\u00f3n<\/strong><\/h4>\n<p>Si desiste del presente contrato, le reembolsaremos todos los pagos que hayamos recibido de usted, incluidos los gastos de entrega (con excepci\u00f3n de los gastos suplementarios resultantes de la elecci\u00f3n por su parte de un tipo de entrega distinto del tipo menos costoso de entrega ordinaria que ofrezcamos), sin ninguna demora indebida y, en cualquier caso, a m\u00e1s tardar 14 d\u00edas a partir del d\u00eda en que se nos informe de su decisi\u00f3n de desistir del presente contrato. Para este reembolso, utilizaremos el mismo medio de pago que usted utiliz\u00f3 para la transacci\u00f3n original, salvo que se haya acordado expresamente otra cosa con usted; en ning\u00fan caso se le cobrar\u00e1n comisiones por este reembolso.<\/p>\n<p>Recogeremos la mercanc\u00eda. Correremos con los gastos de devoluci\u00f3n de los bienes. Usted s\u00f3lo ser\u00e1 responsable de la disminuci\u00f3n de valor de los bienes resultante de una manipulaci\u00f3n distinta a la necesaria para establecer la naturaleza, las caracter\u00edsticas y el funcionamiento de los bienes.<\/p>\n<p><strong>\u00a0<\/strong><\/p>\n<h4><strong>Modelo de formulario de cancelaci\u00f3n<\/strong><\/h4>\n<p>(Si desea cancelar el contrato, rellene y env\u00ede este formulario por E-Mail o correo postal)<\/p>\n<p><strong>A la siguiente direcci\u00f3n:<\/strong><\/p>\n<p>Valencia textielgroep<\/p>\n<p>Calle Castilla, 4, 03<\/p>\n<p>46920 Mislata<\/p>\n<p>Valencia<\/p>\n<p>info@iber.market<\/p>\n<p>\u2013 Por la presente, yo\/nosotros (*) desisto\/desistimos del contrato celebrado por m\u00ed\/nosotros (*) para la compra de los siguientes bienes (*)\/la prestaci\u00f3n del siguiente servicio (*)<\/p>\n<p>\u2013 Pedido el (*)\/recibido el (*)<\/p>\n<p>\u2013 Nombre del (de los) consumidor(es)<\/p>\n<p>\u2013 Direcci\u00f3n del (de los) consumidor(es)<\/p>\n<p>\u2013 Firma del (de los) consumidor(es) (s\u00f3lo para la notificaci\u00f3n en papel)<\/p>\n<p>\u2013 Fecha<\/p>\n<p>(*) Campos obligatorios<\/p>","protected":false},"excerpt":{"rendered":"","protected":false},"author":1,"featured_media":0,"parent":0,"menu_order":0,"comment_status":"closed","ping_status":"closed","template":"page-blank.php","meta":{"footnotes":""},"class_list":["post-180740","page","type-page","status-publish","hentry"],"jetpack_sharing_enabled":true,"_links":{"self":[{"href":"https:\/\/iber.market\/nl\/wp-json\/wp\/v2\/pages\/180740","targetHints":{"allow":["GET"]}}],"collection":[{"href":"https:\/\/iber.market\/nl\/wp-json\/wp\/v2\/pages"}],"about":[{"href":"https:\/\/iber.market\/nl\/wp-json\/wp\/v2\/types\/page"}],"author":[{"embeddable":true,"href":"https:\/\/iber.market\/nl\/wp-json\/wp\/v2\/users\/1"}],"replies":[{"embeddable":true,"href":"https:\/\/iber.market\/nl\/wp-json\/wp\/v2\/comments?post=180740"}],"version-history":[{"count":2,"href":"https:\/\/iber.market\/nl\/wp-json\/wp\/v2\/pages\/180740\/revisions"}],"predecessor-version":[{"id":180742,"href":"https:\/\/iber.market\/nl\/wp-json\/wp\/v2\/pages\/180740\/revisions\/180742"}],"wp:attachment":[{"href":"https:\/\/iber.market\/nl\/wp-json\/wp\/v2\/media?parent=180740"}],"curies":[{"name":"wp","href":"https:\/\/api.w.org\/{rel}","templated":true}]}}