{"id":180730,"date":"2025-09-05T00:49:50","date_gmt":"2025-09-05T00:49:50","guid":{"rendered":"https:\/\/lightgreen-hyena-937059.hostingersite.com\/?page_id=180730"},"modified":"2025-09-21T19:19:24","modified_gmt":"2025-09-21T19:19:24","slug":"condiciones-generales","status":"publish","type":"page","link":"https:\/\/iber.market\/nl\/condiciones-generales\/","title":{"rendered":"Condiciones Generales"},"content":{"rendered":"<div class=\"container section-title-container\" ><h3 class=\"section-title section-title-normal\"><b><\/b><span class=\"section-title-main\" >ALGEMENE VOORWAARDEN<\/span><b><\/b><\/h3><\/div>\n\n<h4><strong>Condiciones generales de contrataci\u00f3n<\/strong><\/h4>\n<h4><strong>1.- \u00c1mbito de aplicaci\u00f3n<\/strong><\/h4>\n<p>Las siguientes condiciones se aplican a todos los pedidos realizados a trav\u00e9s de nuestra tienda en l\u00ednea. Nuestra tienda en l\u00ednea est\u00e1 dirigida exclusivamente a los consumidores.<\/p>\n<p>Un consumidor es toda persona f\u00edsica que celebra un negocio jur\u00eddico con fines predominantemente ajenos a su actividad comercial, empresarial o profesional. Un empresario es una persona f\u00edsica o jur\u00eddica o una sociedad con capacidad jur\u00eddica que, al celebrar un negocio jur\u00eddico, act\u00faa en ejercicio de su actividad comercial, empresarial o profesional.<\/p>\n<p>\u00a0<\/p>\n<h4><strong>2.- Parte contratante, celebraci\u00f3n del contrato, opciones de correcci\u00f3n<\/strong><\/h4>\n<p>El contrato de compra se celebra con Grupo T\u00e9xtil Valencia SL.<\/p>\n<p>Al colocar los productos en la tienda en l\u00ednea, hacemos una oferta vinculante para concluir un contrato para estos productos. Usted puede colocar inicialmente nuestros productos en la cesta de la compra sin compromiso y corregir sus entradas en cualquier momento antes de enviar su pedido vinculante utilizando los medios de correcci\u00f3n previstos y explicados en el proceso de pedido. El contrato se perfecciona cuando usted acepta la oferta de los productos contenidos en la cesta de la compra haciendo clic en el bot\u00f3n de pedido. Inmediatamente despu\u00e9s de enviar el pedido, recibir\u00e1 otra confirmaci\u00f3n por correo electr\u00f3nico.<\/p>\n<p>\u00a0<\/p>\n<h4><strong>3.- Idioma del contrato, almacenamiento del texto del contrato<\/strong><\/h4>\n<p>La(s) lengua(s) disponible(s) para la celebraci\u00f3n del contrato: alem\u00e1n, espa\u00f1ol.<\/p>\n<p>Guardamos el texto del contrato y le enviamos los datos del pedido y nuestras CGC en forma de texto. Por motivos de seguridad, el texto del contrato ya no es accesible a trav\u00e9s de Internet.<\/p>\n<p>\u00a0<\/p>\n<h4><strong>4.- Condiciones de entrega<\/strong><\/h4>\n<h4 data-start=\"199\" data-end=\"225\"><strong>4.1 Gastos de env\u00edo<\/strong><\/h4>\n<p>Adem\u00e1s de los precios indicados de los productos, se aplicar\u00e1n los siguientes gastos de env\u00edo:<\/p>\n<ul data-start=\"325\" data-end=\"779\">\n<li data-start=\"325\" data-end=\"421\">Para pedidos con un importe inferior a <strong data-start=\"366\" data-end=\"375\">120 \u20ac<\/strong>, se aplicar\u00e1 una <strong data-start=\"393\" data-end=\"418\">tarifa plana de env\u00edo<\/strong>.<\/li>\n<li data-start=\"422\" data-end=\"538\">Los pedidos a partir de <strong data-start=\"448\" data-end=\"457\">120 \u20ac<\/strong> tendr\u00e1n <strong data-start=\"466\" data-end=\"484\">env\u00edo gratuito<\/strong>, siempre que el peso total no supere los <strong data-start=\"526\" data-end=\"535\">20 kg<\/strong>.<\/li>\n<li data-start=\"539\" data-end=\"662\">En los pedidos cuyo peso total supere los <strong data-start=\"583\" data-end=\"592\">20 kg<\/strong>, se aplicar\u00e1 un recargo adicional de <strong data-start=\"630\" data-end=\"643\">1,75 \u20ac\/kg<\/strong> sobre el exceso.<\/li>\n<li data-start=\"663\" data-end=\"779\">En los pedidos cuyo peso total supere los <strong data-start=\"707\" data-end=\"716\">60 kg<\/strong>, el recargo adicional ser\u00e1 de <strong data-start=\"747\" data-end=\"760\">1,45 \u20ac\/kg<\/strong> sobre el exceso.<\/li>\n<li data-start=\"820\" data-end=\"950\">El plazo de entrega estimado es de <strong data-start=\"857\" data-end=\"882\">3 a 5 d\u00edas laborables<\/strong> a partir de la confirmaci\u00f3n del pedido y el pago correspondiente.<\/li>\n<li data-start=\"951\" data-end=\"1036\">Actualmente, los env\u00edos se realizan exclusivamente a pa\u00edses dentro de <strong data-start=\"1023\" data-end=\"1033\">Europa<\/strong>.<\/li>\n<\/ul>\n<p>\u00a0<\/p>\n<h5><strong>4.2 Opciones de entrega<\/strong><\/h5>\n<p>Enviamos los productos a la direcci\u00f3n de entrega especificada en el proceso de pedido.<\/p>\n<p>Solo realizamos env\u00edos por transporte. Lamentablemente, no es posible recoger los productos usted mismo.<\/p>\n<p>No realizamos entregas a oficina de recogidas.<\/p>\n<p>\u00a0<\/p>\n<h4><strong>5.- Pago<\/strong><\/h4>\n<h5><strong>5.1 Precios<\/strong><\/h5>\n<p>Se aplicar\u00e1n los precios indicados en el momento del pedido. Se trata de precios totales que incluyen el IVA.<\/p>\n<h5><strong>5.2 Formas de pago<\/strong><\/h5>\n<p>En nuestra tienda est\u00e1n disponibles los siguientes m\u00e9todos de pago.<\/p>\n<p><strong>Transferencia bancaria<\/strong><\/p>\n<p>Si elige pagar por transferencia bancaria, le enviaremos nuestros datos bancarios en un correo electr\u00f3nico aparte y le entregaremos la mercanc\u00eda al tranporte una vez recibido el pago.<\/p>\n<p><strong>Tarjeta de cr\u00e9dito<\/strong><\/p>\n<p>Usted introduce los datos de su tarjeta de cr\u00e9dito durante el proceso de pedido. El cargo en su tarjeta se efectuar\u00e1 inmediatamente despu\u00e9s de realizar el pedido.<\/p>\n<p><strong>PayPal<\/strong><\/p>\n<p>Para poder pagar el importe de la factura a trav\u00e9s del proveedor de servicios de pago PayPal (Europe) S.\u00e0 r.l. et Cie, S.C.A, 22-24 Boulevard Royal, L-2449 Luxemburgo (\u00abPayPal\u00bb), debe estar registrado en PayPal, legitimarse con sus datos de acceso y confirmar la instrucci\u00f3n de pago. PayPal realiza la transacci\u00f3n de pago inmediatamente despu\u00e9s de realizar el pedido. Recibir\u00e1 m\u00e1s instrucciones durante el proceso de pedido.<\/p>\n<p>PayPal puede ofrecer a los clientes registrados de PayPal, seleccionados seg\u00fan sus propios criterios, otras formas de pago en la cuenta de cliente. Sin embargo, no tenemos ninguna influencia en la oferta de estas modalidades; otras modalidades de pago ofrecidas individualmente afectan a su relaci\u00f3n legal con PayPal. Encontrar\u00e1 m\u00e1s informaci\u00f3n al respecto en su cuenta PayPal.<\/p>\n<p>\u00a0<\/p>\n<h4><strong>6.- Garant\u00eda<\/strong><\/h4>\n<h5><strong>6.1 Responsabilidad por defectos<\/strong><\/h5>\n<p>Se aplica la responsabilidad legal por defectos.<\/p>\n<h5><strong>6.2 Garant\u00edas y servicio de atenci\u00f3n al cliente<\/strong><\/h5>\n<p>Encontrar\u00e1 informaci\u00f3n sobre las garant\u00edas adicionales que puedan aplicarse y sus condiciones exactas junto con el producto y en las p\u00e1ginas de informaci\u00f3n especial de la tienda en l\u00ednea.<\/p>\n<p>Servicio de atenci\u00f3n al cliente: Puede ponerse en contacto con nuestro servicio de atenci\u00f3n al cliente para preguntas, quejas y reclamaciones los d\u00edas laborables de 9:00 a 17:00 horas a trav\u00e9s de WhatsApp en el n\u00famero +34 672 33 68 79 y por correo electr\u00f3nico en la direcci\u00f3n info@iber.market.<\/p>\n<p>\u00a0<\/p>\n<h4><strong>7.- Resoluci\u00f3n de litigios<\/strong><\/h4>\n<p>La Comisi\u00f3n Europea ofrece una plataforma para la resoluci\u00f3n de litigios en l\u00ednea (OS), que puede encontrar aqu\u00ed. No estamos obligados ni dispuestos a participar en un procedimiento de resoluci\u00f3n de litigios ante una junta arbitral de consumo.<\/p>","protected":false},"excerpt":{"rendered":"","protected":false},"author":1,"featured_media":0,"parent":0,"menu_order":0,"comment_status":"closed","ping_status":"closed","template":"page-blank.php","meta":{"footnotes":""},"class_list":["post-180730","page","type-page","status-publish","hentry"],"jetpack_sharing_enabled":true,"_links":{"self":[{"href":"https:\/\/iber.market\/nl\/wp-json\/wp\/v2\/pages\/180730","targetHints":{"allow":["GET"]}}],"collection":[{"href":"https:\/\/iber.market\/nl\/wp-json\/wp\/v2\/pages"}],"about":[{"href":"https:\/\/iber.market\/nl\/wp-json\/wp\/v2\/types\/page"}],"author":[{"embeddable":true,"href":"https:\/\/iber.market\/nl\/wp-json\/wp\/v2\/users\/1"}],"replies":[{"embeddable":true,"href":"https:\/\/iber.market\/nl\/wp-json\/wp\/v2\/comments?post=180730"}],"version-history":[{"count":4,"href":"https:\/\/iber.market\/nl\/wp-json\/wp\/v2\/pages\/180730\/revisions"}],"predecessor-version":[{"id":181113,"href":"https:\/\/iber.market\/nl\/wp-json\/wp\/v2\/pages\/180730\/revisions\/181113"}],"wp:attachment":[{"href":"https:\/\/iber.market\/nl\/wp-json\/wp\/v2\/media?parent=180730"}],"curies":[{"name":"wp","href":"https:\/\/api.w.org\/{rel}","templated":true}]}}