{"id":5013,"date":"2025-08-15T21:34:13","date_gmt":"2025-08-15T21:34:13","guid":{"rendered":"https:\/\/lightgreen-hyena-937059.hostingersite.com\/?post_type=product&#038;p=5013"},"modified":"2025-09-09T00:04:19","modified_gmt":"2025-09-09T00:04:19","slug":"queso-rallado-4-quesos","status":"publish","type":"product","link":"https:\/\/iber.market\/it\/product-2\/queso-rallado-4-quesos\/","title":{"rendered":"Queso rallado 4 quesos"},"content":{"rendered":"<p>Queso rallado 4 quesos, un queso elaborado en Espa\u00f1a con sabor aut\u00e9ntico y vers\u00e1til. Perfecto para tapas, bocadillos o para disfrutar en familia.<\/p>","protected":false},"excerpt":{"rendered":"<p>Queso espa\u00f1ol Queso rallado 4 quesos, ideal para el d\u00eda a d\u00eda.<\/p>","protected":false},"featured_media":5014,"template":"","meta":[],"product_brand":[],"product_cat":[60],"product_tag":[],"class_list":{"0":"post-5013","1":"product","2":"type-product","3":"status-publish","4":"has-post-thumbnail","6":"product_cat-quesos-espanoles","8":"first","9":"instock","10":"taxable","11":"shipping-taxable","12":"purchasable","13":"product-type-simple"},"jetpack_sharing_enabled":true,"_links":{"self":[{"href":"https:\/\/iber.market\/it\/wp-json\/wp\/v2\/product\/5013","targetHints":{"allow":["GET"]}}],"collection":[{"href":"https:\/\/iber.market\/it\/wp-json\/wp\/v2\/product"}],"about":[{"href":"https:\/\/iber.market\/it\/wp-json\/wp\/v2\/types\/product"}],"wp:featuredmedia":[{"embeddable":true,"href":"https:\/\/iber.market\/it\/wp-json\/wp\/v2\/media\/5014"}],"wp:attachment":[{"href":"https:\/\/iber.market\/it\/wp-json\/wp\/v2\/media?parent=5013"}],"wp:term":[{"taxonomy":"product_brand","embeddable":true,"href":"https:\/\/iber.market\/it\/wp-json\/wp\/v2\/product_brand?post=5013"},{"taxonomy":"product_cat","embeddable":true,"href":"https:\/\/iber.market\/it\/wp-json\/wp\/v2\/product_cat?post=5013"},{"taxonomy":"product_tag","embeddable":true,"href":"https:\/\/iber.market\/it\/wp-json\/wp\/v2\/product_tag?post=5013"}],"curies":[{"name":"wp","href":"https:\/\/api.w.org\/{rel}","templated":true}]}}