{"id":200805,"date":"2026-03-02T21:58:54","date_gmt":"2026-03-02T21:58:54","guid":{"rendered":"https:\/\/iber.market\/producto\/grageas-de-regaliz-hacendado\/"},"modified":"2026-03-02T21:58:54","modified_gmt":"2026-03-02T21:58:54","slug":"grageas-de-regaliz-hacendado","status":"publish","type":"product","link":"https:\/\/iber.market\/it\/product-2\/grageas-de-regaliz-hacendado\/","title":{"rendered":"Hacendado liquirizia dragees"},"content":{"rendered":"<p>Grageas de regaliz Hacendado es una opci\u00f3n dentro de la tradici\u00f3n dulce espa\u00f1ola. Ideal para expatriados y amantes de la gastronom\u00eda espa\u00f1ola.<\/p>","protected":false},"excerpt":{"rendered":"<p>Grageas de regaliz Hacendado. Dulce espa\u00f1ol ideal para disfrutar del aut\u00e9ntico sabor de Espa\u00f1a en Europa.<\/p>","protected":false},"featured_media":200806,"template":"","meta":[],"product_brand":[],"product_cat":[93],"product_tag":[],"class_list":{"0":"post-200805","1":"product","2":"type-product","3":"status-publish","4":"has-post-thumbnail","6":"product_cat-azucar-y-caramelos","8":"first","9":"instock","10":"taxable","11":"shipping-taxable","12":"purchasable","13":"product-type-simple"},"jetpack_sharing_enabled":true,"_links":{"self":[{"href":"https:\/\/iber.market\/it\/wp-json\/wp\/v2\/product\/200805","targetHints":{"allow":["GET"]}}],"collection":[{"href":"https:\/\/iber.market\/it\/wp-json\/wp\/v2\/product"}],"about":[{"href":"https:\/\/iber.market\/it\/wp-json\/wp\/v2\/types\/product"}],"wp:featuredmedia":[{"embeddable":true,"href":"https:\/\/iber.market\/it\/wp-json\/wp\/v2\/media\/200806"}],"wp:attachment":[{"href":"https:\/\/iber.market\/it\/wp-json\/wp\/v2\/media?parent=200805"}],"wp:term":[{"taxonomy":"product_brand","embeddable":true,"href":"https:\/\/iber.market\/it\/wp-json\/wp\/v2\/product_brand?post=200805"},{"taxonomy":"product_cat","embeddable":true,"href":"https:\/\/iber.market\/it\/wp-json\/wp\/v2\/product_cat?post=200805"},{"taxonomy":"product_tag","embeddable":true,"href":"https:\/\/iber.market\/it\/wp-json\/wp\/v2\/product_tag?post=200805"}],"curies":[{"name":"wp","href":"https:\/\/api.w.org\/{rel}","templated":true}]}}