{"id":200684,"date":"2026-03-02T12:25:11","date_gmt":"2026-03-02T12:25:11","guid":{"rendered":"https:\/\/iber.market\/producto\/aceite-arbol-del-te-100-puro-deliplus-con-pipeta-dosificadora\/"},"modified":"2026-03-02T12:25:11","modified_gmt":"2026-03-02T12:25:11","slug":"aceite-arbol-del-te-100-puro-deliplus-con-pipeta-dosificadora","status":"publish","type":"product","link":"https:\/\/iber.market\/it\/product-2\/aceite-arbol-del-te-100-puro-deliplus-con-pipeta-dosificadora\/","title":{"rendered":"Tea tree oil 100% puro Deliplus con pipetta dosatrice"},"content":{"rendered":"<p>Aceite \u00e1rbol del t\u00e9 100% puro Deliplus con pipeta dosificadora es una infusi\u00f3n dentro de la tradici\u00f3n herbal espa\u00f1ola. Perfecta para quienes viven fuera de Espa\u00f1a y desean mantener peque\u00f1os h\u00e1bitos cotidianos con productos familiares.<\/p>\n<p>Prodotto fitoterapico realizzato secondo gli standard europei.<\/p>","protected":false},"excerpt":{"rendered":"<p>Aceite \u00e1rbol del t\u00e9 100% puro Deliplus con pipeta dosificadora. Infusi\u00f3n espa\u00f1ola ideal para tu rutina de bienestar diario.<\/p>","protected":false},"featured_media":200685,"template":"","meta":[],"product_brand":[],"product_cat":[146],"product_tag":[],"class_list":{"0":"post-200684","1":"product","2":"type-product","3":"status-publish","4":"has-post-thumbnail","6":"product_cat-fitoterapia-y-parafarmacia","8":"first","9":"instock","10":"taxable","11":"shipping-taxable","12":"purchasable","13":"product-type-simple"},"jetpack_sharing_enabled":true,"_links":{"self":[{"href":"https:\/\/iber.market\/it\/wp-json\/wp\/v2\/product\/200684","targetHints":{"allow":["GET"]}}],"collection":[{"href":"https:\/\/iber.market\/it\/wp-json\/wp\/v2\/product"}],"about":[{"href":"https:\/\/iber.market\/it\/wp-json\/wp\/v2\/types\/product"}],"wp:featuredmedia":[{"embeddable":true,"href":"https:\/\/iber.market\/it\/wp-json\/wp\/v2\/media\/200685"}],"wp:attachment":[{"href":"https:\/\/iber.market\/it\/wp-json\/wp\/v2\/media?parent=200684"}],"wp:term":[{"taxonomy":"product_brand","embeddable":true,"href":"https:\/\/iber.market\/it\/wp-json\/wp\/v2\/product_brand?post=200684"},{"taxonomy":"product_cat","embeddable":true,"href":"https:\/\/iber.market\/it\/wp-json\/wp\/v2\/product_cat?post=200684"},{"taxonomy":"product_tag","embeddable":true,"href":"https:\/\/iber.market\/it\/wp-json\/wp\/v2\/product_tag?post=200684"}],"curies":[{"name":"wp","href":"https:\/\/api.w.org\/{rel}","templated":true}]}}