{"id":200658,"date":"2026-03-02T12:25:09","date_gmt":"2026-03-02T12:25:09","guid":{"rendered":"https:\/\/iber.market\/producto\/spray-oral-propolis-deliplus\/"},"modified":"2026-03-02T12:25:09","modified_gmt":"2026-03-02T12:25:09","slug":"propoli-spray-orale-deliplus","status":"publish","type":"product","link":"https:\/\/iber.market\/it\/product-2\/propoli-spray-orale-deliplus\/","title":{"rendered":"Deliplus Propoli Spray orale"},"content":{"rendered":"<p>Spray oral Pr\u00f3polis Deliplus forma parte de la tradici\u00f3n de productos naturales utilizados en Espa\u00f1a. Ideal para quienes buscan opciones de fitoterapia dentro de est\u00e1ndares europeos.<\/p>\n<p>Pensado para integrarse f\u00e1cilmente en la rutina diaria.<\/p>","protected":false},"excerpt":{"rendered":"<p>Spray oral Pr\u00f3polis Deliplus. Pr\u00f3polis de origen natural dentro de la parafarmacia espa\u00f1ola.<\/p>","protected":false},"featured_media":200659,"template":"","meta":[],"product_brand":[],"product_cat":[146],"product_tag":[],"class_list":{"0":"post-200658","1":"product","2":"type-product","3":"status-publish","4":"has-post-thumbnail","6":"product_cat-fitoterapia-y-parafarmacia","8":"first","9":"instock","10":"taxable","11":"shipping-taxable","12":"purchasable","13":"product-type-simple"},"jetpack_sharing_enabled":true,"_links":{"self":[{"href":"https:\/\/iber.market\/it\/wp-json\/wp\/v2\/product\/200658","targetHints":{"allow":["GET"]}}],"collection":[{"href":"https:\/\/iber.market\/it\/wp-json\/wp\/v2\/product"}],"about":[{"href":"https:\/\/iber.market\/it\/wp-json\/wp\/v2\/types\/product"}],"wp:featuredmedia":[{"embeddable":true,"href":"https:\/\/iber.market\/it\/wp-json\/wp\/v2\/media\/200659"}],"wp:attachment":[{"href":"https:\/\/iber.market\/it\/wp-json\/wp\/v2\/media?parent=200658"}],"wp:term":[{"taxonomy":"product_brand","embeddable":true,"href":"https:\/\/iber.market\/it\/wp-json\/wp\/v2\/product_brand?post=200658"},{"taxonomy":"product_cat","embeddable":true,"href":"https:\/\/iber.market\/it\/wp-json\/wp\/v2\/product_cat?post=200658"},{"taxonomy":"product_tag","embeddable":true,"href":"https:\/\/iber.market\/it\/wp-json\/wp\/v2\/product_tag?post=200658"}],"curies":[{"name":"wp","href":"https:\/\/api.w.org\/{rel}","templated":true}]}}