{"id":200585,"date":"2026-03-02T12:24:49","date_gmt":"2026-03-02T12:24:49","guid":{"rendered":"https:\/\/iber.market\/producto\/tiras-adhesivas-protectoras-infantiles-deliplus-surtidas-elasticas-y-transpirables\/"},"modified":"2026-03-02T12:24:49","modified_gmt":"2026-03-02T12:24:49","slug":"tiras-adhesivas-protectoras-infantiles-deliplus-surtidas-elasticas-y-transpirables","status":"publish","type":"product","link":"https:\/\/iber.market\/it\/product-2\/tiras-adhesivas-protectoras-infantiles-deliplus-surtidas-elasticas-y-transpirables\/","title":{"rendered":"Strisce adesive protettive per bambini Deliplus, assortite, elastiche e traspiranti"},"content":{"rendered":"<p>Tiras adhesivas protectoras infantiles Deliplus surtidas, el\u00e1sticas y transpirables pertenece a la gama de parafarmacia espa\u00f1ola orientada al cuidado personal y bienestar. Ideal para espa\u00f1oles en el extranjero y europeos interesados en productos naturales con est\u00e1ndares europeos.<\/p>","protected":false},"excerpt":{"rendered":"<p>Tiras adhesivas protectoras infantiles Deliplus surtidas, el\u00e1sticas y transpirables. Producto de fitoterapia y parafarmacia espa\u00f1ola ideal para tu bienestar diario en Europa.<\/p>","protected":false},"featured_media":200586,"template":"","meta":[],"product_brand":[],"product_cat":[146],"product_tag":[],"class_list":{"0":"post-200585","1":"product","2":"type-product","3":"status-publish","4":"has-post-thumbnail","6":"product_cat-fitoterapia-y-parafarmacia","8":"first","9":"instock","10":"taxable","11":"shipping-taxable","12":"purchasable","13":"product-type-simple"},"jetpack_sharing_enabled":true,"_links":{"self":[{"href":"https:\/\/iber.market\/it\/wp-json\/wp\/v2\/product\/200585","targetHints":{"allow":["GET"]}}],"collection":[{"href":"https:\/\/iber.market\/it\/wp-json\/wp\/v2\/product"}],"about":[{"href":"https:\/\/iber.market\/it\/wp-json\/wp\/v2\/types\/product"}],"wp:featuredmedia":[{"embeddable":true,"href":"https:\/\/iber.market\/it\/wp-json\/wp\/v2\/media\/200586"}],"wp:attachment":[{"href":"https:\/\/iber.market\/it\/wp-json\/wp\/v2\/media?parent=200585"}],"wp:term":[{"taxonomy":"product_brand","embeddable":true,"href":"https:\/\/iber.market\/it\/wp-json\/wp\/v2\/product_brand?post=200585"},{"taxonomy":"product_cat","embeddable":true,"href":"https:\/\/iber.market\/it\/wp-json\/wp\/v2\/product_cat?post=200585"},{"taxonomy":"product_tag","embeddable":true,"href":"https:\/\/iber.market\/it\/wp-json\/wp\/v2\/product_tag?post=200585"}],"curies":[{"name":"wp","href":"https:\/\/api.w.org\/{rel}","templated":true}]}}