{"id":200560,"date":"2026-03-02T12:24:47","date_gmt":"2026-03-02T12:24:47","guid":{"rendered":"https:\/\/iber.market\/producto\/protectores-para-los-oidos-de-espuma-moldex\/"},"modified":"2026-03-02T12:24:47","modified_gmt":"2026-03-02T12:24:47","slug":"protectores-para-los-oidos-de-espuma-moldex","status":"publish","type":"product","link":"https:\/\/iber.market\/it\/product-2\/protectores-para-los-oidos-de-espuma-moldex\/","title":{"rendered":"Protezioni auricolari in schiuma Moldex"},"content":{"rendered":"<p>Protectores para los o\u00eddos de espuma Moldex pertenece a la gama de parafarmacia espa\u00f1ola orientada al cuidado personal y bienestar. Ideal para espa\u00f1oles en el extranjero y europeos interesados en productos naturales con est\u00e1ndares europeos.<\/p>","protected":false},"excerpt":{"rendered":"<p>Protectores para los o\u00eddos de espuma Moldex. Producto de fitoterapia y parafarmacia espa\u00f1ola ideal para tu bienestar diario en Europa.<\/p>","protected":false},"featured_media":200561,"template":"","meta":[],"product_brand":[],"product_cat":[146],"product_tag":[],"class_list":{"0":"post-200560","1":"product","2":"type-product","3":"status-publish","4":"has-post-thumbnail","6":"product_cat-fitoterapia-y-parafarmacia","8":"first","9":"instock","10":"taxable","11":"shipping-taxable","12":"purchasable","13":"product-type-simple"},"jetpack_sharing_enabled":true,"_links":{"self":[{"href":"https:\/\/iber.market\/it\/wp-json\/wp\/v2\/product\/200560","targetHints":{"allow":["GET"]}}],"collection":[{"href":"https:\/\/iber.market\/it\/wp-json\/wp\/v2\/product"}],"about":[{"href":"https:\/\/iber.market\/it\/wp-json\/wp\/v2\/types\/product"}],"wp:featuredmedia":[{"embeddable":true,"href":"https:\/\/iber.market\/it\/wp-json\/wp\/v2\/media\/200561"}],"wp:attachment":[{"href":"https:\/\/iber.market\/it\/wp-json\/wp\/v2\/media?parent=200560"}],"wp:term":[{"taxonomy":"product_brand","embeddable":true,"href":"https:\/\/iber.market\/it\/wp-json\/wp\/v2\/product_brand?post=200560"},{"taxonomy":"product_cat","embeddable":true,"href":"https:\/\/iber.market\/it\/wp-json\/wp\/v2\/product_cat?post=200560"},{"taxonomy":"product_tag","embeddable":true,"href":"https:\/\/iber.market\/it\/wp-json\/wp\/v2\/product_tag?post=200560"}],"curies":[{"name":"wp","href":"https:\/\/api.w.org\/{rel}","templated":true}]}}