{"id":200426,"date":"2026-03-02T06:18:38","date_gmt":"2026-03-02T06:18:38","guid":{"rendered":"https:\/\/iber.market\/producto\/jalapenos-picantes-en-vinagre-hacendado\/"},"modified":"2026-03-02T06:18:39","modified_gmt":"2026-03-02T06:18:39","slug":"jalapenos-picantes-en-vinagre-hacendado","status":"publish","type":"product","link":"https:\/\/iber.market\/it\/product-2\/jalapenos-picantes-en-vinagre-hacendado\/","title":{"rendered":"Peperoni jalape\u00f1o piccanti Hacendado"},"content":{"rendered":"<p>Jalape\u00f1os picantes en vinagre Hacendado es un producto emblem\u00e1tico del aperitivo espa\u00f1ol. Perfecto para espa\u00f1oles que viven fuera de Espa\u00f1a y desean mantener el sabor de casa, as\u00ed como para europeos que buscan descubrir la aut\u00e9ntica gastronom\u00eda mediterr\u00e1nea.<\/p>\n<p>Questo prodotto appartiene alla categoria degli aperitivi ed \u00e8 ideale per essere condiviso, per accompagnare vini o birre, o per far parte di un buffet di aperitivi in stile spagnolo. La sua qualit\u00e0 e il suo sapore rappresentano il vero carattere culinario della Spagna.<\/p>\n<p>Si quieres comprar aceitunas, encurtidos, frutos secos y snacks espa\u00f1oles online en Europa, Jalape\u00f1os picantes en vinagre Hacendado es una excelente elecci\u00f3n para disfrutar de un aut\u00e9ntico &#8216;taste of Spain&#8217;.<\/p>","protected":false},"excerpt":{"rendered":"<p>Jalape\u00f1os picantes en vinagre Hacendado. Aperitivo espa\u00f1ol ideal para expatriados y amantes del aut\u00e9ntico sabor mediterr\u00e1neo en Europa.<\/p>","protected":false},"featured_media":200427,"template":"","meta":[],"product_brand":[],"product_cat":[65],"product_tag":[],"class_list":{"0":"post-200426","1":"product","2":"type-product","3":"status-publish","4":"has-post-thumbnail","6":"product_cat-aceitunas-y-encurtidos","8":"first","9":"instock","10":"taxable","11":"shipping-taxable","12":"purchasable","13":"product-type-simple"},"jetpack_sharing_enabled":true,"_links":{"self":[{"href":"https:\/\/iber.market\/it\/wp-json\/wp\/v2\/product\/200426","targetHints":{"allow":["GET"]}}],"collection":[{"href":"https:\/\/iber.market\/it\/wp-json\/wp\/v2\/product"}],"about":[{"href":"https:\/\/iber.market\/it\/wp-json\/wp\/v2\/types\/product"}],"wp:featuredmedia":[{"embeddable":true,"href":"https:\/\/iber.market\/it\/wp-json\/wp\/v2\/media\/200427"}],"wp:attachment":[{"href":"https:\/\/iber.market\/it\/wp-json\/wp\/v2\/media?parent=200426"}],"wp:term":[{"taxonomy":"product_brand","embeddable":true,"href":"https:\/\/iber.market\/it\/wp-json\/wp\/v2\/product_brand?post=200426"},{"taxonomy":"product_cat","embeddable":true,"href":"https:\/\/iber.market\/it\/wp-json\/wp\/v2\/product_cat?post=200426"},{"taxonomy":"product_tag","embeddable":true,"href":"https:\/\/iber.market\/it\/wp-json\/wp\/v2\/product_tag?post=200426"}],"curies":[{"name":"wp","href":"https:\/\/api.w.org\/{rel}","templated":true}]}}