{"id":200393,"date":"2026-03-02T06:18:29","date_gmt":"2026-03-02T06:18:29","guid":{"rendered":"https:\/\/iber.market\/producto\/pistacho-tostado-hacendado-0-sal-anadida\/"},"modified":"2026-03-02T06:18:30","modified_gmt":"2026-03-02T06:18:30","slug":"pistacho-tostado-hacendado-0-sal-anadida","status":"publish","type":"product","link":"https:\/\/iber.market\/it\/product-2\/pistacho-tostado-hacendado-0-sal-anadida\/","title":{"rendered":"Pistacho tostado Hacendado 0% sal a\u00f1adida"},"content":{"rendered":"<p>Pistacho tostado Hacendado 0% sal a\u00f1adida es un producto emblem\u00e1tico del aperitivo espa\u00f1ol. Perfecto para espa\u00f1oles que viven fuera de Espa\u00f1a y desean mantener el sabor de casa, as\u00ed como para europeos que buscan descubrir la aut\u00e9ntica gastronom\u00eda mediterr\u00e1nea.<\/p>\n<p>Questo prodotto appartiene alla categoria degli aperitivi ed \u00e8 ideale per essere condiviso, per accompagnare vini o birre, o per far parte di un buffet di aperitivi in stile spagnolo. La sua qualit\u00e0 e il suo sapore rappresentano il vero carattere culinario della Spagna.<\/p>\n<p>Si quieres comprar aceitunas, encurtidos, frutos secos y snacks espa\u00f1oles online en Europa, Pistacho tostado Hacendado 0% sal a\u00f1adida es una excelente elecci\u00f3n para disfrutar de un aut\u00e9ntico &#8216;taste of Spain&#8217;.<\/p>","protected":false},"excerpt":{"rendered":"<p>Pistacho tostado Hacendado 0% sal a\u00f1adida. Aperitivo espa\u00f1ol ideal para expatriados y amantes del aut\u00e9ntico sabor mediterr\u00e1neo en Europa.<\/p>","protected":false},"featured_media":200394,"template":"","meta":[],"product_brand":[],"product_cat":[66],"product_tag":[],"class_list":{"0":"post-200393","1":"product","2":"type-product","3":"status-publish","4":"has-post-thumbnail","6":"product_cat-frutos-secos-y-snacks","8":"first","9":"instock","10":"taxable","11":"shipping-taxable","12":"purchasable","13":"product-type-simple"},"jetpack_sharing_enabled":true,"_links":{"self":[{"href":"https:\/\/iber.market\/it\/wp-json\/wp\/v2\/product\/200393","targetHints":{"allow":["GET"]}}],"collection":[{"href":"https:\/\/iber.market\/it\/wp-json\/wp\/v2\/product"}],"about":[{"href":"https:\/\/iber.market\/it\/wp-json\/wp\/v2\/types\/product"}],"wp:featuredmedia":[{"embeddable":true,"href":"https:\/\/iber.market\/it\/wp-json\/wp\/v2\/media\/200394"}],"wp:attachment":[{"href":"https:\/\/iber.market\/it\/wp-json\/wp\/v2\/media?parent=200393"}],"wp:term":[{"taxonomy":"product_brand","embeddable":true,"href":"https:\/\/iber.market\/it\/wp-json\/wp\/v2\/product_brand?post=200393"},{"taxonomy":"product_cat","embeddable":true,"href":"https:\/\/iber.market\/it\/wp-json\/wp\/v2\/product_cat?post=200393"},{"taxonomy":"product_tag","embeddable":true,"href":"https:\/\/iber.market\/it\/wp-json\/wp\/v2\/product_tag?post=200393"}],"curies":[{"name":"wp","href":"https:\/\/api.w.org\/{rel}","templated":true}]}}