{"id":200020,"date":"2026-03-02T03:05:17","date_gmt":"2026-03-02T03:05:17","guid":{"rendered":"https:\/\/iber.market\/producto\/chicles-jengibre-gragea-hacendado\/"},"modified":"2026-03-02T21:59:01","modified_gmt":"2026-03-02T21:59:01","slug":"chicles-jengibre-gragea-hacendado","status":"publish","type":"product","link":"https:\/\/iber.market\/it\/product-2\/chicles-jengibre-gragea-hacendado\/","title":{"rendered":"Gomma da masticare allo zenzero Hacendado dagree"},"content":{"rendered":"<p>Chicles jengibre gragea Hacendado forma parte de la tradici\u00f3n dulce espa\u00f1ola. Perfecto para espa\u00f1oles que viven fuera de Espa\u00f1a y desean seguir disfrutando de sabores de siempre, as\u00ed como para europeos que buscan descubrir productos t\u00edpicos de la reposter\u00eda y confiter\u00eda espa\u00f1ola.<\/p>\n<p>Questo prodotto appartiene alla categoria Zucchero, caramelle e cioccolato ed \u00e8 ideale per addolcire il caff\u00e8, preparare dolci fatti in casa o da gustare come piccola delizia quotidiana. Il suo sapore e la sua qualit\u00e0 rappresentano l'autentico stile gastronomico spagnolo.<\/p>\n<p>Si quieres comprar az\u00facar y caramelos espa\u00f1oles online en Europa, Chicles jengibre gragea Hacendado es una excelente opci\u00f3n para a\u00f1adir un verdadero &#8216;taste of Spain&#8217; a tu despensa.<\/p>","protected":false},"excerpt":{"rendered":"<p>Chicles jengibre gragea Hacendado. Producto dulce espa\u00f1ol ideal para expatriados y amantes del aut\u00e9ntico sabor tradicional de Espa\u00f1a en Europa.<\/p>","protected":false},"featured_media":200021,"template":"","meta":[],"product_brand":[],"product_cat":[93],"product_tag":[],"class_list":{"0":"post-200020","1":"product","2":"type-product","3":"status-publish","4":"has-post-thumbnail","6":"product_cat-azucar-y-caramelos","8":"first","9":"instock","10":"taxable","11":"shipping-taxable","12":"purchasable","13":"product-type-simple"},"jetpack_sharing_enabled":true,"_links":{"self":[{"href":"https:\/\/iber.market\/it\/wp-json\/wp\/v2\/product\/200020","targetHints":{"allow":["GET"]}}],"collection":[{"href":"https:\/\/iber.market\/it\/wp-json\/wp\/v2\/product"}],"about":[{"href":"https:\/\/iber.market\/it\/wp-json\/wp\/v2\/types\/product"}],"wp:featuredmedia":[{"embeddable":true,"href":"https:\/\/iber.market\/it\/wp-json\/wp\/v2\/media\/200021"}],"wp:attachment":[{"href":"https:\/\/iber.market\/it\/wp-json\/wp\/v2\/media?parent=200020"}],"wp:term":[{"taxonomy":"product_brand","embeddable":true,"href":"https:\/\/iber.market\/it\/wp-json\/wp\/v2\/product_brand?post=200020"},{"taxonomy":"product_cat","embeddable":true,"href":"https:\/\/iber.market\/it\/wp-json\/wp\/v2\/product_cat?post=200020"},{"taxonomy":"product_tag","embeddable":true,"href":"https:\/\/iber.market\/it\/wp-json\/wp\/v2\/product_tag?post=200020"}],"curies":[{"name":"wp","href":"https:\/\/api.w.org\/{rel}","templated":true}]}}