{"id":199986,"date":"2026-03-02T03:05:14","date_gmt":"2026-03-02T03:05:14","guid":{"rendered":"https:\/\/iber.market\/producto\/caramelos-miel-sabor-limon-pifarre\/"},"modified":"2026-03-02T21:58:57","modified_gmt":"2026-03-02T21:58:57","slug":"caramelle-al-miele-al-gusto-di-limone-pifarre","status":"publish","type":"product","link":"https:\/\/iber.market\/it\/product-2\/caramelle-al-miele-al-gusto-di-limone-pifarre\/","title":{"rendered":"Caramelle di miele al limone Pifarr\u00e9"},"content":{"rendered":"<p>I dolci al miele al gusto di limone Pifarr\u00e9 fanno parte della tradizione dolciaria spagnola. Perfetti per gli spagnoli che vivono fuori dalla Spagna e desiderano continuare a gustare i sapori tradizionali, ma anche per gli europei che desiderano scoprire i prodotti dolciari e da forno tipici della Spagna.<\/p>\n<p>Questo prodotto appartiene alla categoria Zucchero, caramelle e cioccolato ed \u00e8 ideale per addolcire il caff\u00e8, preparare dolci fatti in casa o da gustare come piccola delizia quotidiana. Il suo sapore e la sua qualit\u00e0 rappresentano l'autentico stile gastronomico spagnolo.<\/p>\n<p>Se volete acquistare zucchero e caramelle spagnole online in Europa, Caramelos miel sabor lim\u00f3n Pifarr\u00e9 \u00e8 una scelta eccellente per aggiungere un vero \u2018sapore di Spagna\u2019 alla vostra dispensa.<\/p>","protected":false},"excerpt":{"rendered":"<p>Caramelle al miele al gusto di limone Pifarr\u00e9. Prodotto dolciario spagnolo ideale per gli espatriati e gli amanti dell'autentico gusto tradizionale della Spagna in Europa.<\/p>","protected":false},"featured_media":199987,"template":"","meta":[],"product_brand":[],"product_cat":[93],"product_tag":[],"class_list":{"0":"post-199986","1":"product","2":"type-product","3":"status-publish","4":"has-post-thumbnail","6":"product_cat-azucar-y-caramelos","8":"first","9":"instock","10":"taxable","11":"shipping-taxable","12":"purchasable","13":"product-type-simple"},"jetpack_sharing_enabled":true,"_links":{"self":[{"href":"https:\/\/iber.market\/it\/wp-json\/wp\/v2\/product\/199986","targetHints":{"allow":["GET"]}}],"collection":[{"href":"https:\/\/iber.market\/it\/wp-json\/wp\/v2\/product"}],"about":[{"href":"https:\/\/iber.market\/it\/wp-json\/wp\/v2\/types\/product"}],"wp:featuredmedia":[{"embeddable":true,"href":"https:\/\/iber.market\/it\/wp-json\/wp\/v2\/media\/199987"}],"wp:attachment":[{"href":"https:\/\/iber.market\/it\/wp-json\/wp\/v2\/media?parent=199986"}],"wp:term":[{"taxonomy":"product_brand","embeddable":true,"href":"https:\/\/iber.market\/it\/wp-json\/wp\/v2\/product_brand?post=199986"},{"taxonomy":"product_cat","embeddable":true,"href":"https:\/\/iber.market\/it\/wp-json\/wp\/v2\/product_cat?post=199986"},{"taxonomy":"product_tag","embeddable":true,"href":"https:\/\/iber.market\/it\/wp-json\/wp\/v2\/product_tag?post=199986"}],"curies":[{"name":"wp","href":"https:\/\/api.w.org\/{rel}","templated":true}]}}