{"id":199900,"date":"2026-03-02T02:45:12","date_gmt":"2026-03-02T02:45:12","guid":{"rendered":"https:\/\/iber.market\/producto\/porciones-de-chocolate-negro-85-cacao-extrafino-hacendado\/"},"modified":"2026-03-02T02:45:12","modified_gmt":"2026-03-02T02:45:12","slug":"porciones-de-chocolate-negro-85-cacao-extrafino-hacendado","status":"publish","type":"product","link":"https:\/\/iber.market\/it\/product-2\/porciones-de-chocolate-negro-85-cacao-extrafino-hacendado\/","title":{"rendered":"Porzioni di cioccolato fondente 85% cacao extra fine Hacendado"},"content":{"rendered":"<p>Porciones de Chocolate negro 85% cacao extrafino Hacendado es una deliciosa opci\u00f3n para disfrutar del lado m\u00e1s dulce de Espa\u00f1a. Perfecto para espa\u00f1oles que viven en Europa y quieren reencontrarse con sabores de casa, y tambi\u00e9n para europeos que buscan descubrir chocolates y dulces espa\u00f1oles aut\u00e9nticos.<\/p>\n<p>Questo prodotto appartiene alla categoria Zucchero, dolci e cioccolato ed \u00e8 ideale per accompagnare un caff\u00e8, preparare spuntini, condividere con la famiglia o regalare. Il suo sapore e la sua qualit\u00e0 lo rendono un prodotto fondamentale per la dispensa di ogni amante della gastronomia spagnola.<\/p>\n<p>Si buscas comprar chocolates espa\u00f1oles online en Europa, Porciones de Chocolate negro 85% cacao extrafino Hacendado es una elecci\u00f3n excelente para traer a tu d\u00eda a d\u00eda un verdadero &#8216;taste of Spain&#8217;.<\/p>","protected":false},"excerpt":{"rendered":"<p>Porciones de Chocolate negro 85% cacao extrafino Hacendado. Chocolate y dulces espa\u00f1oles ideales para expatriados y amantes del aut\u00e9ntico sabor de Espa\u00f1a en Europa.<\/p>","protected":false},"featured_media":199901,"template":"","meta":[],"product_brand":[],"product_cat":[86],"product_tag":[],"class_list":{"0":"post-199900","1":"product","2":"type-product","3":"status-publish","4":"has-post-thumbnail","6":"product_cat-chocolate","8":"first","9":"instock","10":"taxable","11":"shipping-taxable","12":"purchasable","13":"product-type-simple"},"jetpack_sharing_enabled":true,"_links":{"self":[{"href":"https:\/\/iber.market\/it\/wp-json\/wp\/v2\/product\/199900","targetHints":{"allow":["GET"]}}],"collection":[{"href":"https:\/\/iber.market\/it\/wp-json\/wp\/v2\/product"}],"about":[{"href":"https:\/\/iber.market\/it\/wp-json\/wp\/v2\/types\/product"}],"wp:featuredmedia":[{"embeddable":true,"href":"https:\/\/iber.market\/it\/wp-json\/wp\/v2\/media\/199901"}],"wp:attachment":[{"href":"https:\/\/iber.market\/it\/wp-json\/wp\/v2\/media?parent=199900"}],"wp:term":[{"taxonomy":"product_brand","embeddable":true,"href":"https:\/\/iber.market\/it\/wp-json\/wp\/v2\/product_brand?post=199900"},{"taxonomy":"product_cat","embeddable":true,"href":"https:\/\/iber.market\/it\/wp-json\/wp\/v2\/product_cat?post=199900"},{"taxonomy":"product_tag","embeddable":true,"href":"https:\/\/iber.market\/it\/wp-json\/wp\/v2\/product_tag?post=199900"}],"curies":[{"name":"wp","href":"https:\/\/api.w.org\/{rel}","templated":true}]}}