{"id":199801,"date":"2026-03-02T02:44:59","date_gmt":"2026-03-02T02:44:59","guid":{"rendered":"https:\/\/iber.market\/producto\/barritas-peanuts-hacendado-banadas-de-chocolate-con-leche-y-rellenas-con-caramelo-cacahuetes-tostados-y-crema-azucarada\/"},"modified":"2026-03-02T02:44:59","modified_gmt":"2026-03-02T02:44:59","slug":"barrette-di-arachidi-hacendado-realizzate-con-cioccolato-al-latte-e-ripiene-di-caramello-arachidi-tostate-e-panna-zuccherata","status":"publish","type":"product","link":"https:\/\/iber.market\/it\/product-2\/barrette-di-arachidi-hacendado-realizzate-con-cioccolato-al-latte-e-ripiene-di-caramello-arachidi-tostate-e-panna-zuccherata\/","title":{"rendered":"Barrette di arachidi Hacendado ricoperte di cioccolato al latte e ripiene di caramello, arachidi tostate e crema zuccherata"},"content":{"rendered":"<p>Le barrette di arachidi Hacendado, immerse nel cioccolato al latte e ripiene di caramello, arachidi tostate e crema zuccherata, sono un'opzione deliziosa per gustare il lato dolce della Spagna. Perfette per gli spagnoli che vivono in Europa e che vogliono riscoprire i sapori di casa, ma anche per gli europei che vogliono scoprire gli autentici cioccolatini e dolci spagnoli.<\/p>\n<p>Questo prodotto appartiene alla categoria Zucchero, dolci e cioccolato ed \u00e8 ideale per accompagnare un caff\u00e8, preparare spuntini, condividere con la famiglia o regalare. Il suo sapore e la sua qualit\u00e0 lo rendono un prodotto fondamentale per la dispensa di ogni amante della gastronomia spagnola.<\/p>\n<p>Se state cercando di acquistare cioccolatini spagnoli online in Europa, le barrette di arachidi Hacendado, ricoperte di cioccolato al latte e ripiene di caramello, arachidi tostate e crema zuccherata, sono una scelta eccellente per portare un vero \u2018sapore di Spagna\u2019 nella vostra vita quotidiana.<\/p>","protected":false},"excerpt":{"rendered":"<p>Barrette di arachidi Hacendado immerse nel cioccolato al latte e ripiene di caramello, arachidi tostate e crema zuccherata. Cioccolato e dolci spagnoli ideali per gli espatriati e gli amanti del gusto autentico della Spagna in Europa.<\/p>","protected":false},"featured_media":199802,"template":"","meta":[],"product_brand":[],"product_cat":[86],"product_tag":[],"class_list":{"0":"post-199801","1":"product","2":"type-product","3":"status-publish","4":"has-post-thumbnail","6":"product_cat-chocolate","8":"first","9":"instock","10":"taxable","11":"shipping-taxable","12":"purchasable","13":"product-type-simple"},"jetpack_sharing_enabled":true,"_links":{"self":[{"href":"https:\/\/iber.market\/it\/wp-json\/wp\/v2\/product\/199801","targetHints":{"allow":["GET"]}}],"collection":[{"href":"https:\/\/iber.market\/it\/wp-json\/wp\/v2\/product"}],"about":[{"href":"https:\/\/iber.market\/it\/wp-json\/wp\/v2\/types\/product"}],"wp:featuredmedia":[{"embeddable":true,"href":"https:\/\/iber.market\/it\/wp-json\/wp\/v2\/media\/199802"}],"wp:attachment":[{"href":"https:\/\/iber.market\/it\/wp-json\/wp\/v2\/media?parent=199801"}],"wp:term":[{"taxonomy":"product_brand","embeddable":true,"href":"https:\/\/iber.market\/it\/wp-json\/wp\/v2\/product_brand?post=199801"},{"taxonomy":"product_cat","embeddable":true,"href":"https:\/\/iber.market\/it\/wp-json\/wp\/v2\/product_cat?post=199801"},{"taxonomy":"product_tag","embeddable":true,"href":"https:\/\/iber.market\/it\/wp-json\/wp\/v2\/product_tag?post=199801"}],"curies":[{"name":"wp","href":"https:\/\/api.w.org\/{rel}","templated":true}]}}