{"id":199383,"date":"2026-02-24T21:41:48","date_gmt":"2026-02-24T21:41:48","guid":{"rendered":"https:\/\/iber.market\/producto\/salchichas-cocidas-estilo-frankfurt-campofrio-sabor-ahumado\/"},"modified":"2026-02-24T21:41:49","modified_gmt":"2026-02-24T21:41:49","slug":"salchichas-cocidas-estilo-frankfurt-campofrio-sabor-ahumado","status":"publish","type":"product","link":"https:\/\/iber.market\/it\/product-2\/salchichas-cocidas-estilo-frankfurt-campofrio-sabor-ahumado\/","title":{"rendered":"Salsicce cotte tipo wurstel Campofrio gusto affumicato"},"content":{"rendered":"<p>Salchichas cocidas estilo Frankfurt Campofr\u00edo sabor ahumado es una excelente opci\u00f3n para quienes desean disfrutar del aut\u00e9ntico sabor de la gastronom\u00eda espa\u00f1ola fuera de Espa\u00f1a. Muy popular en supermercados espa\u00f1oles, este producto combina calidad, tradici\u00f3n y sabor mediterr\u00e1neo. Perfecto para expatriados espa\u00f1oles en Europa o para cualquier persona que aprecie los embutidos y especialidades espa\u00f1olas. Ideal para tapas, bocadillos, aperitivos o recetas tradicionales. Disponible para env\u00edo a varios pa\u00edses europeos desde iber.market.<\/p>","protected":false},"excerpt":{"rendered":"<p>Salchichas cocidas estilo Frankfurt Campofr\u00edo sabor ahumado. Producto t\u00edpico espa\u00f1ol ideal para expatriados en Europa y amantes de la gastronom\u00eda espa\u00f1ola que buscan sabor aut\u00e9ntico.<\/p>","protected":false},"featured_media":199384,"template":"","meta":[],"product_brand":[],"product_cat":[61],"product_tag":[],"class_list":{"0":"post-199383","1":"product","2":"type-product","3":"status-publish","4":"has-post-thumbnail","6":"product_cat-jamones-y-embutidos","8":"first","9":"instock","10":"taxable","11":"shipping-taxable","12":"purchasable","13":"product-type-simple"},"jetpack_sharing_enabled":true,"_links":{"self":[{"href":"https:\/\/iber.market\/it\/wp-json\/wp\/v2\/product\/199383","targetHints":{"allow":["GET"]}}],"collection":[{"href":"https:\/\/iber.market\/it\/wp-json\/wp\/v2\/product"}],"about":[{"href":"https:\/\/iber.market\/it\/wp-json\/wp\/v2\/types\/product"}],"wp:featuredmedia":[{"embeddable":true,"href":"https:\/\/iber.market\/it\/wp-json\/wp\/v2\/media\/199384"}],"wp:attachment":[{"href":"https:\/\/iber.market\/it\/wp-json\/wp\/v2\/media?parent=199383"}],"wp:term":[{"taxonomy":"product_brand","embeddable":true,"href":"https:\/\/iber.market\/it\/wp-json\/wp\/v2\/product_brand?post=199383"},{"taxonomy":"product_cat","embeddable":true,"href":"https:\/\/iber.market\/it\/wp-json\/wp\/v2\/product_cat?post=199383"},{"taxonomy":"product_tag","embeddable":true,"href":"https:\/\/iber.market\/it\/wp-json\/wp\/v2\/product_tag?post=199383"}],"curies":[{"name":"wp","href":"https:\/\/api.w.org\/{rel}","templated":true}]}}