{"id":198879,"date":"2026-02-24T04:12:24","date_gmt":"2026-02-24T04:12:24","guid":{"rendered":"https:\/\/iber.market\/producto\/cana-de-hojaldre-rellena-de-crema-sabor-vainilla-hacendado-con-cobertura-de-cacao\/"},"modified":"2026-02-24T04:12:25","modified_gmt":"2026-02-24T04:12:25","slug":"cana-de-hojaldre-rellena-de-crema-sabor-vainilla-hacendado-con-cobertura-de-cacao","status":"publish","type":"product","link":"https:\/\/iber.market\/it\/product-2\/cana-de-hojaldre-rellena-de-crema-sabor-vainilla-hacendado-con-cobertura-de-cacao\/","title":{"rendered":"Ca\u00f1a de hojaldre rellena de crema sabor vainilla Hacendado con cobertura de cacao"},"content":{"rendered":"<p>Ca\u00f1a de hojaldre rellena de crema sabor vainilla Hacendado con cobertura de cacao es perfecto para quienes viven fuera de Espa\u00f1a y quieren seguir disfrutando del sabor tradicional de la panader\u00eda y reposter\u00eda espa\u00f1ola. Inspirado en recetas habituales de Espa\u00f1a, resulta ideal para desayunos, meriendas o momentos dulces manteniendo el v\u00ednculo con la cultura gastron\u00f3mica espa\u00f1ola. Una opci\u00f3n pensada para expatriados y consumidores europeos que valoran los productos t\u00edpicos de Espa\u00f1a.<\/p>","protected":false},"excerpt":{"rendered":"<p>Ca\u00f1a de hojaldre rellena de crema sabor vainilla Hacendado con cobertura de cacao con aut\u00e9ntico sabor de la panader\u00eda y reposter\u00eda espa\u00f1ola. Ideal para expatriados en Europa y amantes de la gastronom\u00eda espa\u00f1ola.<\/p>","protected":false},"featured_media":198880,"template":"","meta":[],"product_brand":[],"product_cat":[373],"product_tag":[],"class_list":{"0":"post-198879","1":"product","2":"type-product","3":"status-publish","4":"has-post-thumbnail","6":"product_cat-bolleria-envasada","8":"first","9":"instock","10":"taxable","11":"shipping-taxable","12":"purchasable","13":"product-type-simple"},"jetpack_sharing_enabled":true,"_links":{"self":[{"href":"https:\/\/iber.market\/it\/wp-json\/wp\/v2\/product\/198879","targetHints":{"allow":["GET"]}}],"collection":[{"href":"https:\/\/iber.market\/it\/wp-json\/wp\/v2\/product"}],"about":[{"href":"https:\/\/iber.market\/it\/wp-json\/wp\/v2\/types\/product"}],"wp:featuredmedia":[{"embeddable":true,"href":"https:\/\/iber.market\/it\/wp-json\/wp\/v2\/media\/198880"}],"wp:attachment":[{"href":"https:\/\/iber.market\/it\/wp-json\/wp\/v2\/media?parent=198879"}],"wp:term":[{"taxonomy":"product_brand","embeddable":true,"href":"https:\/\/iber.market\/it\/wp-json\/wp\/v2\/product_brand?post=198879"},{"taxonomy":"product_cat","embeddable":true,"href":"https:\/\/iber.market\/it\/wp-json\/wp\/v2\/product_cat?post=198879"},{"taxonomy":"product_tag","embeddable":true,"href":"https:\/\/iber.market\/it\/wp-json\/wp\/v2\/product_tag?post=198879"}],"curies":[{"name":"wp","href":"https:\/\/api.w.org\/{rel}","templated":true}]}}