{"id":198292,"date":"2026-02-24T03:54:46","date_gmt":"2026-02-24T03:54:46","guid":{"rendered":"https:\/\/iber.market\/producto\/tratamiento-matizador-antiamarillos-deliplus-0-amoniaco-y-acido-hialuronico\/"},"modified":"2026-02-24T03:54:46","modified_gmt":"2026-02-24T03:54:46","slug":"tratamiento-matizador-antiamarillos-deliplus-0-amoniaco-y-acido-hialuronico","status":"publish","type":"product","link":"https:\/\/iber.market\/it\/product-2\/tratamiento-matizador-antiamarillos-deliplus-0-amoniaco-y-acido-hialuronico\/","title":{"rendered":"Tratamiento Matizador Antiamarillos Deliplus 0% amon\u00edaco y \u00e1cido hialur\u00f3nico"},"content":{"rendered":"<p>Tratamiento Matizador Antiamarillos Deliplus 0% amon\u00edaco y \u00e1cido hialur\u00f3nico es una excelente opci\u00f3n para quienes viven fuera de Espa\u00f1a y quieren seguir utilizando productos de higiene y cuidado personal similares a los que se encuentran habitualmente en el mercado espa\u00f1ol. Pensado para expatriados espa\u00f1oles en Europa y consumidores que valoran la calidad y tradici\u00f3n de los productos espa\u00f1oles, ofreciendo comodidad y confianza en el cuidado diario.<\/p>","protected":false},"excerpt":{"rendered":"<p>Tratamiento Matizador Antiamarillos Deliplus 0% amon\u00edaco y \u00e1cido hialur\u00f3nico con calidad inspirada en el cuidado personal habitual en Espa\u00f1a. Ideal para expatriados en Europa y amantes de los productos espa\u00f1oles.<\/p>","protected":false},"featured_media":198293,"template":"","meta":[],"product_brand":[],"product_cat":[371],"product_tag":[],"class_list":{"0":"post-198292","1":"product","2":"type-product","3":"status-publish","4":"has-post-thumbnail","6":"product_cat-champus-y-coloraciones","8":"first","9":"instock","10":"taxable","11":"shipping-taxable","12":"purchasable","13":"product-type-simple"},"jetpack_sharing_enabled":true,"_links":{"self":[{"href":"https:\/\/iber.market\/it\/wp-json\/wp\/v2\/product\/198292","targetHints":{"allow":["GET"]}}],"collection":[{"href":"https:\/\/iber.market\/it\/wp-json\/wp\/v2\/product"}],"about":[{"href":"https:\/\/iber.market\/it\/wp-json\/wp\/v2\/types\/product"}],"wp:featuredmedia":[{"embeddable":true,"href":"https:\/\/iber.market\/it\/wp-json\/wp\/v2\/media\/198293"}],"wp:attachment":[{"href":"https:\/\/iber.market\/it\/wp-json\/wp\/v2\/media?parent=198292"}],"wp:term":[{"taxonomy":"product_brand","embeddable":true,"href":"https:\/\/iber.market\/it\/wp-json\/wp\/v2\/product_brand?post=198292"},{"taxonomy":"product_cat","embeddable":true,"href":"https:\/\/iber.market\/it\/wp-json\/wp\/v2\/product_cat?post=198292"},{"taxonomy":"product_tag","embeddable":true,"href":"https:\/\/iber.market\/it\/wp-json\/wp\/v2\/product_tag?post=198292"}],"curies":[{"name":"wp","href":"https:\/\/api.w.org\/{rel}","templated":true}]}}