{"id":197954,"date":"2026-02-24T03:53:37","date_gmt":"2026-02-24T03:53:37","guid":{"rendered":"https:\/\/iber.market\/producto\/tonico-facial-arbol-de-te-y-prebioticos-facial-clean\/"},"modified":"2026-02-24T03:53:38","modified_gmt":"2026-02-24T03:53:38","slug":"tonico-facial-arbol-de-te-y-prebioticos-facial-clean","status":"publish","type":"product","link":"https:\/\/iber.market\/it\/product-2\/tonico-facial-arbol-de-te-y-prebioticos-facial-clean\/","title":{"rendered":"T\u00f3nico facial \u00e1rbol de t\u00e9 y prebi\u00f3ticos Facial Clean"},"content":{"rendered":"<p>T\u00f3nico facial \u00e1rbol de t\u00e9 y prebi\u00f3ticos Facial Clean es una excelente opci\u00f3n para quienes viven fuera de Espa\u00f1a y quieren seguir utilizando productos de higiene y cuidado personal similares a los que se encuentran habitualmente en el mercado espa\u00f1ol. Pensado para expatriados espa\u00f1oles en Europa y consumidores que valoran la calidad y tradici\u00f3n de los productos espa\u00f1oles, ofreciendo comodidad y confianza en el cuidado diario.<\/p>","protected":false},"excerpt":{"rendered":"<p>T\u00f3nico facial \u00e1rbol de t\u00e9 y prebi\u00f3ticos Facial Clean con calidad inspirada en el cuidado personal habitual en Espa\u00f1a. Ideal para expatriados en Europa y amantes de los productos espa\u00f1oles.<\/p>","protected":false},"featured_media":197955,"template":"","meta":[],"product_brand":[],"product_cat":[365],"product_tag":[],"class_list":{"0":"post-197954","1":"product","2":"type-product","3":"status-publish","4":"has-post-thumbnail","6":"product_cat-cuidado-corporal-y-facial","8":"first","9":"instock","10":"taxable","11":"shipping-taxable","12":"purchasable","13":"product-type-simple"},"jetpack_sharing_enabled":true,"_links":{"self":[{"href":"https:\/\/iber.market\/it\/wp-json\/wp\/v2\/product\/197954","targetHints":{"allow":["GET"]}}],"collection":[{"href":"https:\/\/iber.market\/it\/wp-json\/wp\/v2\/product"}],"about":[{"href":"https:\/\/iber.market\/it\/wp-json\/wp\/v2\/types\/product"}],"wp:featuredmedia":[{"embeddable":true,"href":"https:\/\/iber.market\/it\/wp-json\/wp\/v2\/media\/197955"}],"wp:attachment":[{"href":"https:\/\/iber.market\/it\/wp-json\/wp\/v2\/media?parent=197954"}],"wp:term":[{"taxonomy":"product_brand","embeddable":true,"href":"https:\/\/iber.market\/it\/wp-json\/wp\/v2\/product_brand?post=197954"},{"taxonomy":"product_cat","embeddable":true,"href":"https:\/\/iber.market\/it\/wp-json\/wp\/v2\/product_cat?post=197954"},{"taxonomy":"product_tag","embeddable":true,"href":"https:\/\/iber.market\/it\/wp-json\/wp\/v2\/product_tag?post=197954"}],"curies":[{"name":"wp","href":"https:\/\/api.w.org\/{rel}","templated":true}]}}