{"id":197557,"date":"2026-02-24T03:52:19","date_gmt":"2026-02-24T03:52:19","guid":{"rendered":"https:\/\/iber.market\/producto\/gel-hidroalcoholico-80-alcohol-deliplus-antiseptico-sin-aclarado\/"},"modified":"2026-02-24T03:52:20","modified_gmt":"2026-02-24T03:52:20","slug":"gel-hidroalcoholico-80-alcohol-deliplus-antiseptico-sin-aclarado","status":"publish","type":"product","link":"https:\/\/iber.market\/it\/product-2\/gel-hidroalcoholico-80-alcohol-deliplus-antiseptico-sin-aclarado\/","title":{"rendered":"Gel idroalcolico Deliplus 80% alcolico Gel antisettico senza risciacquo Deliplus"},"content":{"rendered":"<p>Gel hidroalcoh\u00f3lico 80% alcohol Deliplus antis\u00e9ptico sin aclarado es una excelente opci\u00f3n para quienes viven fuera de Espa\u00f1a y quieren seguir utilizando productos de higiene y cuidado personal similares a los que se encuentran habitualmente en el mercado espa\u00f1ol. Pensado para expatriados espa\u00f1oles en Europa y consumidores que valoran la calidad y tradici\u00f3n de los productos espa\u00f1oles, ofreciendo comodidad y confianza en el cuidado diario.<\/p>","protected":false},"excerpt":{"rendered":"<p>Gel hidroalcoh\u00f3lico 80% alcohol Deliplus antis\u00e9ptico sin aclarado con calidad inspirada en el cuidado personal habitual en Espa\u00f1a. Ideal para expatriados en Europa y amantes de los productos espa\u00f1oles.<\/p>","protected":false},"featured_media":197558,"template":"","meta":[],"product_brand":[],"product_cat":[365],"product_tag":[],"class_list":{"0":"post-197557","1":"product","2":"type-product","3":"status-publish","4":"has-post-thumbnail","6":"product_cat-cuidado-corporal-y-facial","8":"first","9":"instock","10":"taxable","11":"shipping-taxable","12":"purchasable","13":"product-type-simple"},"jetpack_sharing_enabled":true,"_links":{"self":[{"href":"https:\/\/iber.market\/it\/wp-json\/wp\/v2\/product\/197557","targetHints":{"allow":["GET"]}}],"collection":[{"href":"https:\/\/iber.market\/it\/wp-json\/wp\/v2\/product"}],"about":[{"href":"https:\/\/iber.market\/it\/wp-json\/wp\/v2\/types\/product"}],"wp:featuredmedia":[{"embeddable":true,"href":"https:\/\/iber.market\/it\/wp-json\/wp\/v2\/media\/197558"}],"wp:attachment":[{"href":"https:\/\/iber.market\/it\/wp-json\/wp\/v2\/media?parent=197557"}],"wp:term":[{"taxonomy":"product_brand","embeddable":true,"href":"https:\/\/iber.market\/it\/wp-json\/wp\/v2\/product_brand?post=197557"},{"taxonomy":"product_cat","embeddable":true,"href":"https:\/\/iber.market\/it\/wp-json\/wp\/v2\/product_cat?post=197557"},{"taxonomy":"product_tag","embeddable":true,"href":"https:\/\/iber.market\/it\/wp-json\/wp\/v2\/product_tag?post=197557"}],"curies":[{"name":"wp","href":"https:\/\/api.w.org\/{rel}","templated":true}]}}