{"id":197457,"date":"2026-02-24T03:52:10","date_gmt":"2026-02-24T03:52:10","guid":{"rendered":"https:\/\/iber.market\/producto\/dentifrico-anticaries-deliplus\/"},"modified":"2026-02-24T03:52:10","modified_gmt":"2026-02-24T03:52:10","slug":"dentifricio-anticarie-deliplus","status":"publish","type":"product","link":"https:\/\/iber.market\/it\/product-2\/dentifricio-anticarie-deliplus\/","title":{"rendered":"Deliplus Dentifricio anti-cavit\u00e0"},"content":{"rendered":"<p>Dent\u00edfrico Anticaries Deliplus \u00e8 un'opzione eccellente per chi vive fuori dalla Spagna e vuole continuare a utilizzare prodotti per l'igiene e la cura personale simili a quelli normalmente presenti sul mercato spagnolo. Pensato per gli spagnoli espatriati in Europa e per i consumatori che apprezzano la qualit\u00e0 e la tradizione dei prodotti spagnoli, offre convenienza e sicurezza nella cura quotidiana.<\/p>","protected":false},"excerpt":{"rendered":"<p>Deliplus Anticarie Dentifricio di qualit\u00e0 ispirato alla consueta cura della persona in Spagna. Ideale per gli espatriati in Europa e per gli amanti dei prodotti spagnoli.<\/p>","protected":false},"featured_media":197458,"template":"","meta":[],"product_brand":[],"product_cat":[369],"product_tag":[],"class_list":{"0":"post-197457","1":"product","2":"type-product","3":"status-publish","4":"has-post-thumbnail","6":"product_cat-higiene-bucal","8":"first","9":"instock","10":"taxable","11":"shipping-taxable","12":"purchasable","13":"product-type-simple"},"jetpack_sharing_enabled":true,"_links":{"self":[{"href":"https:\/\/iber.market\/it\/wp-json\/wp\/v2\/product\/197457","targetHints":{"allow":["GET"]}}],"collection":[{"href":"https:\/\/iber.market\/it\/wp-json\/wp\/v2\/product"}],"about":[{"href":"https:\/\/iber.market\/it\/wp-json\/wp\/v2\/types\/product"}],"wp:featuredmedia":[{"embeddable":true,"href":"https:\/\/iber.market\/it\/wp-json\/wp\/v2\/media\/197458"}],"wp:attachment":[{"href":"https:\/\/iber.market\/it\/wp-json\/wp\/v2\/media?parent=197457"}],"wp:term":[{"taxonomy":"product_brand","embeddable":true,"href":"https:\/\/iber.market\/it\/wp-json\/wp\/v2\/product_brand?post=197457"},{"taxonomy":"product_cat","embeddable":true,"href":"https:\/\/iber.market\/it\/wp-json\/wp\/v2\/product_cat?post=197457"},{"taxonomy":"product_tag","embeddable":true,"href":"https:\/\/iber.market\/it\/wp-json\/wp\/v2\/product_tag?post=197457"}],"curies":[{"name":"wp","href":"https:\/\/api.w.org\/{rel}","templated":true}]}}