{"id":196568,"date":"2026-02-23T17:17:27","date_gmt":"2026-02-23T17:17:27","guid":{"rendered":"https:\/\/iber.market\/producto\/cafe-monodosis-mezcla-hacendado\/"},"modified":"2026-02-23T17:17:27","modified_gmt":"2026-02-23T17:17:27","slug":"cafe-monodosis-mezcla-hacendado","status":"publish","type":"product","link":"https:\/\/iber.market\/it\/product-2\/cafe-monodosis-mezcla-hacendado\/","title":{"rendered":"Caff\u00e8 monodose miscelato Hacendado"},"content":{"rendered":"<p>Caf\u00e9 monodosis mezcla Hacendado es perfecto para quienes viven fuera de Espa\u00f1a y desean seguir disfrutando de sabores habituales del caf\u00e9, cacao e infusiones presentes en la cultura gastron\u00f3mica espa\u00f1ola. Ideal para desayunos, pausas o momentos de relax manteniendo el v\u00ednculo con Espa\u00f1a. Una opci\u00f3n pensada para expatriados espa\u00f1oles y consumidores europeos que valoran productos alimentarios t\u00edpicos de Espa\u00f1a.<\/p>","protected":false},"excerpt":{"rendered":"<p>Caf\u00e9 monodosis mezcla Hacendado con aut\u00e9ntico sabor espa\u00f1ol. Ideal para expatriados en Europa y amantes de la gastronom\u00eda espa\u00f1ola que buscan productos tradicionales.<\/p>","protected":false},"featured_media":196569,"template":"","meta":[],"product_brand":[],"product_cat":[104],"product_tag":[],"class_list":{"0":"post-196568","1":"product","2":"type-product","3":"status-publish","4":"has-post-thumbnail","6":"product_cat-cafes","8":"first","9":"instock","10":"taxable","11":"shipping-taxable","12":"purchasable","13":"product-type-simple"},"jetpack_sharing_enabled":true,"_links":{"self":[{"href":"https:\/\/iber.market\/it\/wp-json\/wp\/v2\/product\/196568","targetHints":{"allow":["GET"]}}],"collection":[{"href":"https:\/\/iber.market\/it\/wp-json\/wp\/v2\/product"}],"about":[{"href":"https:\/\/iber.market\/it\/wp-json\/wp\/v2\/types\/product"}],"wp:featuredmedia":[{"embeddable":true,"href":"https:\/\/iber.market\/it\/wp-json\/wp\/v2\/media\/196569"}],"wp:attachment":[{"href":"https:\/\/iber.market\/it\/wp-json\/wp\/v2\/media?parent=196568"}],"wp:term":[{"taxonomy":"product_brand","embeddable":true,"href":"https:\/\/iber.market\/it\/wp-json\/wp\/v2\/product_brand?post=196568"},{"taxonomy":"product_cat","embeddable":true,"href":"https:\/\/iber.market\/it\/wp-json\/wp\/v2\/product_cat?post=196568"},{"taxonomy":"product_tag","embeddable":true,"href":"https:\/\/iber.market\/it\/wp-json\/wp\/v2\/product_tag?post=196568"}],"curies":[{"name":"wp","href":"https:\/\/api.w.org\/{rel}","templated":true}]}}