{"id":196550,"date":"2026-02-23T17:17:20","date_gmt":"2026-02-23T17:17:20","guid":{"rendered":"https:\/\/iber.market\/producto\/cafe-molido-fuerte-hacendado-2\/"},"modified":"2026-02-23T17:17:21","modified_gmt":"2026-02-23T17:17:21","slug":"caffe-macinato-forte-hacendado-2","status":"publish","type":"product","link":"https:\/\/iber.market\/it\/product-2\/caffe-macinato-forte-hacendado-2\/","title":{"rendered":"Caff\u00e8 macinato forte Hacendado"},"content":{"rendered":"<p>Il caff\u00e8 macinato forte Hacendado \u00e8 perfetto per chi vive fuori dalla Spagna e desidera continuare a gustare gli abituali sapori di caff\u00e8, cacao e infusi presenti nella cultura gastronomica spagnola. Ideale per colazioni, pause o momenti di relax mantenendo il legame con la Spagna. Un'opzione pensata per gli espatriati spagnoli e per i consumatori europei che apprezzano i prodotti alimentari tipici spagnoli.<\/p>","protected":false},"excerpt":{"rendered":"<p>Caff\u00e8 macinato forte Hacendado dall'autentico sapore spagnolo. Ideale per gli espatriati in Europa e per gli amanti della cucina spagnola alla ricerca di prodotti tradizionali.<\/p>","protected":false},"featured_media":196551,"template":"","meta":[],"product_brand":[],"product_cat":[104],"product_tag":[],"class_list":{"0":"post-196550","1":"product","2":"type-product","3":"status-publish","4":"has-post-thumbnail","6":"product_cat-cafes","8":"first","9":"instock","10":"taxable","11":"shipping-taxable","12":"purchasable","13":"product-type-simple"},"jetpack_sharing_enabled":true,"_links":{"self":[{"href":"https:\/\/iber.market\/it\/wp-json\/wp\/v2\/product\/196550","targetHints":{"allow":["GET"]}}],"collection":[{"href":"https:\/\/iber.market\/it\/wp-json\/wp\/v2\/product"}],"about":[{"href":"https:\/\/iber.market\/it\/wp-json\/wp\/v2\/types\/product"}],"wp:featuredmedia":[{"embeddable":true,"href":"https:\/\/iber.market\/it\/wp-json\/wp\/v2\/media\/196551"}],"wp:attachment":[{"href":"https:\/\/iber.market\/it\/wp-json\/wp\/v2\/media?parent=196550"}],"wp:term":[{"taxonomy":"product_brand","embeddable":true,"href":"https:\/\/iber.market\/it\/wp-json\/wp\/v2\/product_brand?post=196550"},{"taxonomy":"product_cat","embeddable":true,"href":"https:\/\/iber.market\/it\/wp-json\/wp\/v2\/product_cat?post=196550"},{"taxonomy":"product_tag","embeddable":true,"href":"https:\/\/iber.market\/it\/wp-json\/wp\/v2\/product_tag?post=196550"}],"curies":[{"name":"wp","href":"https:\/\/api.w.org\/{rel}","templated":true}]}}