{"id":193476,"date":"2026-02-21T11:51:54","date_gmt":"2026-02-21T11:51:54","guid":{"rendered":"https:\/\/iber.market\/producto\/prebase-de-maquillaje-matificante-primer\/"},"modified":"2026-03-03T20:07:54","modified_gmt":"2026-03-03T20:07:54","slug":"prebase-de-maquillaje-matificante-primer","status":"publish","type":"product","link":"https:\/\/iber.market\/it\/product-2\/prebase-de-maquillaje-matificante-primer\/","title":{"rendered":"Prebase de maquillaje matificante Primer"},"content":{"rendered":"<h2>Prebase de maquillaje matificante Primer<\/h2>\n<p><strong>Prebase de maquillaje matificante Primer<\/strong> es un base maquillaje de cosm\u00e9tica espa\u00f1ola muy valorado por su relaci\u00f3n calidad\u2011precio.<br \/>\nPerfetto per chi cerca un make-up Mercadona affidabile, moderno e facile da applicare.<\/p>\n<p>La sua formula \u00e8 studiata per offrire una buona finitura, comfort per ore e ore di utilizzo.<br \/>\ne risultati naturali per uso quotidiano e professionale.<\/p>\n<ul>\n<li>Prodotto di make-up spagnolo molto richiesto<\/li>\n<li>Facile applicazione e finitura uniforme<\/li>\n<li>Ideale per la routine quotidiana o per il trucco completo<\/li>\n<li>Ottimo rapporto qualit\u00e0\/prezzo<\/li>\n<\/ul>\n<p>Scoprite la qualit\u00e0 dei cosmetici Mercadona e completate la vostra collezione.<br \/>\ncon un prodotto pratico, aggiornato ed efficace.<\/p>","protected":false},"excerpt":{"rendered":"<p>Prebase de maquillaje matificante Primer \u2013 Base maquillaje de cosm\u00e9tica espa\u00f1ola Mercadona con excelente calidad\u2011precio y acabado profesional.<\/p>","protected":false},"featured_media":193477,"template":"","meta":[],"product_brand":[],"product_cat":[379],"product_tag":[],"class_list":{"0":"post-193476","1":"product","2":"type-product","3":"status-publish","4":"has-post-thumbnail","6":"product_cat-bases-y-correctores","8":"first","9":"instock","10":"taxable","11":"shipping-taxable","12":"purchasable","13":"product-type-simple"},"jetpack_sharing_enabled":true,"_links":{"self":[{"href":"https:\/\/iber.market\/it\/wp-json\/wp\/v2\/product\/193476","targetHints":{"allow":["GET"]}}],"collection":[{"href":"https:\/\/iber.market\/it\/wp-json\/wp\/v2\/product"}],"about":[{"href":"https:\/\/iber.market\/it\/wp-json\/wp\/v2\/types\/product"}],"wp:featuredmedia":[{"embeddable":true,"href":"https:\/\/iber.market\/it\/wp-json\/wp\/v2\/media\/193477"}],"wp:attachment":[{"href":"https:\/\/iber.market\/it\/wp-json\/wp\/v2\/media?parent=193476"}],"wp:term":[{"taxonomy":"product_brand","embeddable":true,"href":"https:\/\/iber.market\/it\/wp-json\/wp\/v2\/product_brand?post=193476"},{"taxonomy":"product_cat","embeddable":true,"href":"https:\/\/iber.market\/it\/wp-json\/wp\/v2\/product_cat?post=193476"},{"taxonomy":"product_tag","embeddable":true,"href":"https:\/\/iber.market\/it\/wp-json\/wp\/v2\/product_tag?post=193476"}],"curies":[{"name":"wp","href":"https:\/\/api.w.org\/{rel}","templated":true}]}}