{"id":192785,"date":"2026-02-19T20:31:06","date_gmt":"2026-02-19T20:31:06","guid":{"rendered":"https:\/\/iber.market\/producto\/papilla-platano-fresa-arandanos-y-avena-hacendado-8-meses\/"},"modified":"2026-02-19T20:31:07","modified_gmt":"2026-02-19T20:31:07","slug":"papilla-platano-fresa-arandanos-y-avena-hacendado-8-meses","status":"publish","type":"product","link":"https:\/\/iber.market\/it\/product-2\/papilla-platano-fresa-arandanos-y-avena-hacendado-8-meses\/","title":{"rendered":"Papilla pl\u00e1tano, fresa, ar\u00e1ndanos y avena Hacendado +8 meses"},"content":{"rendered":"<p>Papilla pl\u00e1tano, fresa, ar\u00e1ndanos y avena +8 meses es un producto infantil habitual en supermercados espa\u00f1oles. Ahora puedes comprar este producto espa\u00f1ol para beb\u00e9 online con env\u00edo a distintos pa\u00edses de Europa. Pensado para expatriados espa\u00f1oles y familias europeas que valoran la calidad y confianza de los productos espa\u00f1oles. Compra productos de beb\u00e9 espa\u00f1oles online y rec\u00edbelos c\u00f3modamente en tu pa\u00eds.<\/p>","protected":false},"excerpt":{"rendered":"<p>Papilla pl\u00e1tano, fresa, ar\u00e1ndanos y avena +8 meses. Producto espa\u00f1ol para beb\u00e9 disponible online con env\u00edo a Europa. Ideal para expatriados y familias europeas que buscan productos habituales de supermercados espa\u00f1oles.<\/p>","protected":false},"featured_media":192786,"template":"","meta":[],"product_brand":[],"product_cat":[295],"product_tag":[],"class_list":{"0":"post-192785","1":"product","2":"type-product","3":"status-publish","4":"has-post-thumbnail","6":"product_cat-alimentacion-infantil","8":"first","9":"instock","10":"taxable","11":"shipping-taxable","12":"purchasable","13":"product-type-simple"},"jetpack_sharing_enabled":true,"_links":{"self":[{"href":"https:\/\/iber.market\/it\/wp-json\/wp\/v2\/product\/192785","targetHints":{"allow":["GET"]}}],"collection":[{"href":"https:\/\/iber.market\/it\/wp-json\/wp\/v2\/product"}],"about":[{"href":"https:\/\/iber.market\/it\/wp-json\/wp\/v2\/types\/product"}],"wp:featuredmedia":[{"embeddable":true,"href":"https:\/\/iber.market\/it\/wp-json\/wp\/v2\/media\/192786"}],"wp:attachment":[{"href":"https:\/\/iber.market\/it\/wp-json\/wp\/v2\/media?parent=192785"}],"wp:term":[{"taxonomy":"product_brand","embeddable":true,"href":"https:\/\/iber.market\/it\/wp-json\/wp\/v2\/product_brand?post=192785"},{"taxonomy":"product_cat","embeddable":true,"href":"https:\/\/iber.market\/it\/wp-json\/wp\/v2\/product_cat?post=192785"},{"taxonomy":"product_tag","embeddable":true,"href":"https:\/\/iber.market\/it\/wp-json\/wp\/v2\/product_tag?post=192785"}],"curies":[{"name":"wp","href":"https:\/\/api.w.org\/{rel}","templated":true}]}}