{"id":192231,"date":"2026-02-17T08:56:36","date_gmt":"2026-02-17T08:56:36","guid":{"rendered":"https:\/\/iber.market\/producto\/bebida-refrescante-aromatizada-tinto-sin-alcohol-light-castillo-de-salobrena\/"},"modified":"2026-02-17T08:56:37","modified_gmt":"2026-02-17T08:56:37","slug":"bebida-refrescante-aromatizada-tinto-sin-alcohol-light-castillo-de-salobrena","status":"publish","type":"product","link":"https:\/\/iber.market\/it\/product-2\/bebida-refrescante-aromatizada-tinto-sin-alcohol-light-castillo-de-salobrena\/","title":{"rendered":"Bebida refrescante aromatizada tinto sin alcohol light Castillo de Salobre\u00f1a"},"content":{"rendered":"<p>Bebida refrescante aromatizada tinto sin alcohol light Castillo de Salobre\u00f1a es una excelente opci\u00f3n para quienes buscan productos t\u00edpicos de Espa\u00f1a en Europa. Pensado especialmente para expatriados, residentes europeos o cualquier amante de la gastronom\u00eda y bebidas espa\u00f1olas, este producto destaca por su calidad, sabor aut\u00e9ntico y tradici\u00f3n. Perfecto para compartir, regalar o disfrutar en casa con la esencia del estilo de vida espa\u00f1ol.<\/p>","protected":false},"excerpt":{"rendered":"<p>Bebida refrescante aromatizada tinto sin alcohol light Castillo de Salobre\u00f1a ideal para disfrutar del aut\u00e9ntico sabor de Espa\u00f1a. Perfecto para expatriados y amantes europeos de la gastronom\u00eda y bebidas espa\u00f1olas.<\/p>","protected":false},"featured_media":192232,"template":"","meta":[],"product_brand":[],"product_cat":[351],"product_tag":[],"class_list":{"0":"post-192231","1":"product","2":"type-product","3":"status-publish","4":"has-post-thumbnail","6":"product_cat-vinos-dulces-y-semidulces","8":"first","9":"instock","10":"taxable","11":"shipping-taxable","12":"purchasable","13":"product-type-simple"},"jetpack_sharing_enabled":true,"_links":{"self":[{"href":"https:\/\/iber.market\/it\/wp-json\/wp\/v2\/product\/192231","targetHints":{"allow":["GET"]}}],"collection":[{"href":"https:\/\/iber.market\/it\/wp-json\/wp\/v2\/product"}],"about":[{"href":"https:\/\/iber.market\/it\/wp-json\/wp\/v2\/types\/product"}],"wp:featuredmedia":[{"embeddable":true,"href":"https:\/\/iber.market\/it\/wp-json\/wp\/v2\/media\/192232"}],"wp:attachment":[{"href":"https:\/\/iber.market\/it\/wp-json\/wp\/v2\/media?parent=192231"}],"wp:term":[{"taxonomy":"product_brand","embeddable":true,"href":"https:\/\/iber.market\/it\/wp-json\/wp\/v2\/product_brand?post=192231"},{"taxonomy":"product_cat","embeddable":true,"href":"https:\/\/iber.market\/it\/wp-json\/wp\/v2\/product_cat?post=192231"},{"taxonomy":"product_tag","embeddable":true,"href":"https:\/\/iber.market\/it\/wp-json\/wp\/v2\/product_tag?post=192231"}],"curies":[{"name":"wp","href":"https:\/\/api.w.org\/{rel}","templated":true}]}}