{"id":191809,"date":"2026-02-17T08:42:27","date_gmt":"2026-02-17T08:42:27","guid":{"rendered":"https:\/\/iber.market\/producto\/tenedores-de-plastico-bosque-verde-reutilizables\/"},"modified":"2026-02-17T08:42:28","modified_gmt":"2026-02-17T08:42:28","slug":"tenedores-de-plastico-bosque-verde-reutilizables","status":"publish","type":"product","link":"https:\/\/iber.market\/it\/product-2\/tenedores-de-plastico-bosque-verde-reutilizables\/","title":{"rendered":"Forchette di plastica riutilizzabili Bosque Verde"},"content":{"rendered":"","protected":false},"excerpt":{"rendered":"<p>Disfruta de Tenedores de pl\u00e1stico Bosque Verde reutilizables, un producto t\u00edpico de Espa\u00f1a ahora disponible en Europa. Ideal para expatriados y amantes de la calidad mediterr\u00e1nea. Env\u00edo r\u00e1pido desde Espa\u00f1a.<\/p>","protected":false},"featured_media":191810,"template":"","meta":[],"product_brand":[],"product_cat":[63],"product_tag":[],"class_list":{"0":"post-191809","1":"product","2":"type-product","3":"status-publish","4":"has-post-thumbnail","6":"product_cat-limpieza-del-hogar","8":"first","9":"instock","10":"taxable","11":"shipping-taxable","12":"purchasable","13":"product-type-simple"},"jetpack_sharing_enabled":true,"_links":{"self":[{"href":"https:\/\/iber.market\/it\/wp-json\/wp\/v2\/product\/191809","targetHints":{"allow":["GET"]}}],"collection":[{"href":"https:\/\/iber.market\/it\/wp-json\/wp\/v2\/product"}],"about":[{"href":"https:\/\/iber.market\/it\/wp-json\/wp\/v2\/types\/product"}],"wp:featuredmedia":[{"embeddable":true,"href":"https:\/\/iber.market\/it\/wp-json\/wp\/v2\/media\/191810"}],"wp:attachment":[{"href":"https:\/\/iber.market\/it\/wp-json\/wp\/v2\/media?parent=191809"}],"wp:term":[{"taxonomy":"product_brand","embeddable":true,"href":"https:\/\/iber.market\/it\/wp-json\/wp\/v2\/product_brand?post=191809"},{"taxonomy":"product_cat","embeddable":true,"href":"https:\/\/iber.market\/it\/wp-json\/wp\/v2\/product_cat?post=191809"},{"taxonomy":"product_tag","embeddable":true,"href":"https:\/\/iber.market\/it\/wp-json\/wp\/v2\/product_tag?post=191809"}],"curies":[{"name":"wp","href":"https:\/\/api.w.org\/{rel}","templated":true}]}}