{"id":191187,"date":"2026-02-17T08:40:30","date_gmt":"2026-02-17T08:40:30","guid":{"rendered":"https:\/\/iber.market\/producto\/escurridor-para-cubo-ovalado-bosque-verde-escurrebien\/"},"modified":"2026-02-17T08:40:30","modified_gmt":"2026-02-17T08:40:30","slug":"escurridor-para-cubo-ovalado-bosque-verde-escurrebien","status":"publish","type":"product","link":"https:\/\/iber.market\/it\/product-2\/escurridor-para-cubo-ovalado-bosque-verde-escurrebien\/","title":{"rendered":"Escurridor para cubo ovalado Bosque Verde escurrebien"},"content":{"rendered":"","protected":false},"excerpt":{"rendered":"<p>Disfruta de Escurridor para cubo ovalado Bosque Verde escurrebien, un producto t\u00edpico de Espa\u00f1a ahora disponible en Europa. Ideal para expatriados y amantes de la calidad mediterr\u00e1nea. Env\u00edo r\u00e1pido desde Espa\u00f1a.<\/p>","protected":false},"featured_media":191188,"template":"","meta":[],"product_brand":[],"product_cat":[63],"product_tag":[],"class_list":{"0":"post-191187","1":"product","2":"type-product","3":"status-publish","4":"has-post-thumbnail","6":"product_cat-limpieza-del-hogar","8":"first","9":"instock","10":"taxable","11":"shipping-taxable","12":"purchasable","13":"product-type-simple"},"jetpack_sharing_enabled":true,"_links":{"self":[{"href":"https:\/\/iber.market\/it\/wp-json\/wp\/v2\/product\/191187","targetHints":{"allow":["GET"]}}],"collection":[{"href":"https:\/\/iber.market\/it\/wp-json\/wp\/v2\/product"}],"about":[{"href":"https:\/\/iber.market\/it\/wp-json\/wp\/v2\/types\/product"}],"wp:featuredmedia":[{"embeddable":true,"href":"https:\/\/iber.market\/it\/wp-json\/wp\/v2\/media\/191188"}],"wp:attachment":[{"href":"https:\/\/iber.market\/it\/wp-json\/wp\/v2\/media?parent=191187"}],"wp:term":[{"taxonomy":"product_brand","embeddable":true,"href":"https:\/\/iber.market\/it\/wp-json\/wp\/v2\/product_brand?post=191187"},{"taxonomy":"product_cat","embeddable":true,"href":"https:\/\/iber.market\/it\/wp-json\/wp\/v2\/product_cat?post=191187"},{"taxonomy":"product_tag","embeddable":true,"href":"https:\/\/iber.market\/it\/wp-json\/wp\/v2\/product_tag?post=191187"}],"curies":[{"name":"wp","href":"https:\/\/api.w.org\/{rel}","templated":true}]}}